{"id":39808,"date":"2025-08-12T01:16:56","date_gmt":"2025-08-12T09:16:56","guid":{"rendered":"https:\/\/kwoco-plc.com\/?page_id=39808"},"modified":"2025-08-13T02:08:08","modified_gmt":"2025-08-13T10:08:08","slug":"kwoco-bank-account-update","status":"publish","type":"page","link":"https:\/\/kwoco-plc.com\/tr\/kwoco-bank-account-update\/","title":{"rendered":"Kwoco Banka Hesab\u0131 G\u00fcncellemesi"},"content":{"rendered":"<div data-elementor-type=\"wp-page\" data-elementor-id=\"39808\" class=\"elementor elementor-39808\" data-elementor-post-type=\"page\">\n\t\t\t\t<div class=\"elementor-element elementor-element-b552191 e-flex e-con-boxed e-con e-parent\" data-id=\"b552191\" data-element_type=\"container\">\n\t\t\t\t\t<div class=\"e-con-inner\">\n\t\t\t\t<div class=\"elementor-element elementor-element-9a0d364 elementor-widget elementor-widget-heading\" data-id=\"9a0d364\" data-element_type=\"widget\" data-widget_type=\"heading.default\">\n\t\t\t\t<div class=\"elementor-widget-container\">\n\t\t\t<style>\/*! elementor - v3.21.0 - 22-05-2024 *\/\n.elementor-heading-title{padding:0;margin:0;line-height:1}.elementor-widget-heading .elementor-heading-title[class*=elementor-size-]>a{color:inherit;font-size:inherit;line-height:inherit}.elementor-widget-heading .elementor-heading-title.elementor-size-small{font-size:15px}.elementor-widget-heading .elementor-heading-title.elementor-size-medium{font-size:19px}.elementor-widget-heading .elementor-heading-title.elementor-size-large{font-size:29px}.elementor-widget-heading .elementor-heading-title.elementor-size-xl{font-size:39px}.elementor-widget-heading .elementor-heading-title.elementor-size-xxl{font-size:59px}<\/style><h1 class=\"elementor-heading-title elementor-size-default\">Kwoco Banka Hesab\u0131 De\u011fi\u015fiklik Bildirimi<\/h1>\t\t<\/div>\n\t\t\t\t<\/div>\n\t\t\t\t<div class=\"elementor-element elementor-element-967faa7 elementor-widget elementor-widget-text-editor\" data-id=\"967faa7\" data-element_type=\"widget\" data-widget_type=\"text-editor.default\">\n\t\t\t\t<div class=\"elementor-widget-container\">\n\t\t\t<style>\/*! elementor - v3.21.0 - 22-05-2024 *\/\n.elementor-widget-text-editor.elementor-drop-cap-view-stacked .elementor-drop-cap{background-color:#69727d;color:#fff}.elementor-widget-text-editor.elementor-drop-cap-view-framed .elementor-drop-cap{color:#69727d;border:3px solid;background-color:transparent}.elementor-widget-text-editor:not(.elementor-drop-cap-view-default) .elementor-drop-cap{margin-top:8px}.elementor-widget-text-editor:not(.elementor-drop-cap-view-default) .elementor-drop-cap-letter{width:1em;height:1em}.elementor-widget-text-editor .elementor-drop-cap{float:left;text-align:center;line-height:1;font-size:50px}.elementor-widget-text-editor .elementor-drop-cap-letter{display:inline-block}<\/style>\t\t\t\t<p><strong>De\u011ferli M\u00fc\u015fterilerimiz ve Ortaklar\u0131m\u0131z<\/strong>,<\/p><p>\u015eirketimizin \u00f6demeleri almak i\u00e7in kulland\u0131\u011f\u0131 banka hesab\u0131yla ilgili \u00f6nemli bir g\u00fcncellemeyi resmi olarak duyurmak i\u00e7in yaz\u0131yoruz.<\/p><p>Uluslararas\u0131 i\u015flem s\u00fcre\u00e7lerimizi geli\u015ftirmek ve finansal g\u00fcvenli\u011fimizi art\u0131rmak i\u00e7in yeni bankac\u0131l\u0131k ortaklar\u0131na ge\u00e7i\u015f yapt\u0131k.<\/p><p>Hemen y\u00fcr\u00fcrl\u00fc\u011fe girer, [<strong>20 Temmuz 2025<\/strong>], t\u00fcm gelecekteki \u00f6demelerinizi a\u015fa\u011f\u0131da belirtilen ilgili yeni hesaplara y\u00f6nlendirmenizi rica ederiz.<\/p><p>\u00a0<\/p><p><span style=\"color: #ff0000;\"><strong>USD (ACH) Cinsinden \u00d6demeler \u0130\u00e7in:<\/strong><\/span><\/p><p><strong>Banka ad\u0131:<\/strong> Topluluk Federal Tasarruf Bankas\u0131<\/p><p><strong>Banka adresi:<\/strong> 89-16 Jamaica Ave, Woodhaven, NY, ABD<\/p><p><strong>ACH Y\u00f6nlendirme:<\/strong> 026073150<\/p><p><strong>Fedwire Y\u00f6nlendirmesi:<\/strong> 026073008<\/p><p><strong>Swift kodu:<\/strong> CMFGUS33<\/p><p><strong>Hesap numaras\u0131:<\/strong> 8489114859<\/p><p><strong>Hesap t\u00fcr\u00fc:<\/strong> KONTROL ED\u0130L\u0130YOR<\/p><p><strong>Yararlan\u0131c\u0131n\u0131n ad\u0131:<\/strong> KWOCO OTOMASYON LTD. \u015eT\u0130.<\/p><p>\u00a0<\/p><p><strong><span style=\"color: #ff0000;\">\u00c7oklu Para Birimi K\u00fcresel Hesab\u0131:<\/span><br \/><\/strong><\/p><p><strong>Yararlan\u0131c\u0131:<\/strong>\u00a0KWOCO OTOMASYON LTD. \u015eT\u0130.<\/p><p><strong>Banka Ad\u0131<\/strong>: Bankac\u0131l\u0131k \u00c7emberi SA<\/p><p><strong>Banka Adresi:<\/strong> Amerika Plads, 38, Kopenhag, Danimarka<\/p><p><strong>IBAN:<\/strong> DK3189000058511439<\/p><p><strong>SWIFT\/BIC:<\/strong> SXPYDKKK<\/p><p><strong>Hesap numaras\u0131:<\/strong> 0058511439<\/p><p><strong>Banka \u00dclkesi:<\/strong> Danimarka<\/p><p>\u00a0<\/p><p><span style=\"color: #ff0000;\"><strong>Kritik Eylem Gerekli:<\/strong><\/span><\/p><p>Bu de\u011fi\u015fikli\u011fi yans\u0131tmak i\u00e7in \u00f6deme kay\u0131tlar\u0131n\u0131z\u0131 derhal g\u00fcncellemenizi rica ederiz. \u00d6nceki hesaplar\u0131m\u0131za g\u00f6nderilen \u00f6demeler, bu hesaplar [ tarihinden itibaren] kullan\u0131mdan kald\u0131r\u0131laca\u011f\u0131ndan \u00f6nemli gecikmelere veya reddedilmelere maruz kalabilir.<strong>30 Ekim 2025<\/strong>].<\/p><p>G\u00fcvenlik Bildirimi: Resmi web sitemizdeki bu duyuru, bu de\u011fi\u015fikli\u011fin tek resmi bildirimi niteli\u011findedir. \u015eirketimiz, banka bilgilerinizde de\u011fi\u015fiklik talep eden ayr\u0131, istenmeyen e-postalar g\u00f6ndermeyecektir. B\u00f6yle bir talep al\u0131rsan\u0131z, l\u00fctfen dikkate almay\u0131n ve do\u011frulu\u011fundan emin olmak i\u00e7in resmi telefon numaram\u0131z arac\u0131l\u0131\u011f\u0131yla do\u011frudan bizimle ileti\u015fime ge\u00e7in.<\/p><p>Bunun sizin taraf\u0131n\u0131zdan idari bir g\u00fcncelleme gerektirdi\u011fini biliyoruz ve h\u0131zl\u0131 i\u015fbirli\u011finiz i\u00e7in i\u00e7tenlikle te\u015fekk\u00fcr ediyoruz.<\/p><p>Herhangi bir sorunuz varsa veya yard\u0131ma ihtiyac\u0131n\u0131z varsa l\u00fctfen [ numaral\u0131 telefondan Finans Departman\u0131m\u0131zla ileti\u015fime ge\u00e7mekten \u00e7ekinmeyin.<strong>sat\u0131\u015f@kwoco-plc.com<\/strong>] veya [ arayarak<strong>+86-755-81481609<\/strong>].<\/p><p>Devam eden g\u00fcveniniz ve ortakl\u0131\u011f\u0131n\u0131z i\u00e7in te\u015fekk\u00fcr ederiz.<\/p><p>Samimi olarak,<\/p><p>KWOCO Otomasyon<\/p>\t\t\t\t\t\t<\/div>\n\t\t\t\t<\/div>\n\t\t\t\t\t<\/div>\n\t\t\t\t<\/div>\n\t\t\t\t<\/div>","protected":false},"excerpt":{"rendered":"<p>Kwoco Banka Hesab\u0131 De\u011fi\u015fiklik Bildirimi De\u011ferli M\u00fc\u015fterilerimiz ve \u0130\u015f Ortaklar\u0131m\u0131z, \u015eirketimizin \u00f6deme alma banka hesab\u0131yla ilgili \u00f6nemli bir g\u00fcncellemeyi resmen duyurmak i\u00e7in yaz\u0131yoruz. Uluslararas\u0131 i\u015flem s\u00fcre\u00e7lerimizi iyile\u015ftirmek ve finansal g\u00fcvenli\u011fi art\u0131rmak i\u00e7in yeni bankac\u0131l\u0131k ortaklar\u0131m\u0131za ge\u00e7i\u015f yapt\u0131k. [20 Temmuz 2025] tarihinden itibaren ge\u00e7erli olmak \u00fczere, t\u00fcm [\u2026]<\/p>","protected":false},"author":1,"featured_media":0,"parent":0,"menu_order":0,"comment_status":"closed","ping_status":"closed","template":"","meta":{"footnotes":""},"categories":[],"tags":[],"_links":{"self":[{"href":"https:\/\/kwoco-plc.com\/tr\/wp-json\/wp\/v2\/pages\/39808"}],"collection":[{"href":"https:\/\/kwoco-plc.com\/tr\/wp-json\/wp\/v2\/pages"}],"about":[{"href":"https:\/\/kwoco-plc.com\/tr\/wp-json\/wp\/v2\/types\/page"}],"author":[{"embeddable":true,"href":"https:\/\/kwoco-plc.com\/tr\/wp-json\/wp\/v2\/users\/1"}],"replies":[{"embeddable":true,"href":"https:\/\/kwoco-plc.com\/tr\/wp-json\/wp\/v2\/comments?post=39808"}],"version-history":[{"count":17,"href":"https:\/\/kwoco-plc.com\/tr\/wp-json\/wp\/v2\/pages\/39808\/revisions"}],"predecessor-version":[{"id":39826,"href":"https:\/\/kwoco-plc.com\/tr\/wp-json\/wp\/v2\/pages\/39808\/revisions\/39826"}],"wp:attachment":[{"href":"https:\/\/kwoco-plc.com\/tr\/wp-json\/wp\/v2\/media?parent=39808"}],"wp:term":[{"taxonomy":"category","embeddable":true,"href":"https:\/\/kwoco-plc.com\/tr\/wp-json\/wp\/v2\/categories?post=39808"},{"taxonomy":"post_tag","embeddable":true,"href":"https:\/\/kwoco-plc.com\/tr\/wp-json\/wp\/v2\/tags?post=39808"}],"curies":[{"name":"wp","href":"https:\/\/api.w.org\/{rel}","templated":true}]}}