{"id":39808,"date":"2025-08-12T01:16:56","date_gmt":"2025-08-12T09:16:56","guid":{"rendered":"https:\/\/kwoco-plc.com\/?page_id=39808"},"modified":"2025-08-13T02:08:08","modified_gmt":"2025-08-13T10:08:08","slug":"kwoco-bank-account-update","status":"publish","type":"page","link":"https:\/\/kwoco-plc.com\/ro\/kwoco-bank-account-update\/","title":{"rendered":"Actualizare cont bancar Kwoco"},"content":{"rendered":"<div data-elementor-type=\"wp-page\" data-elementor-id=\"39808\" class=\"elementor elementor-39808\" data-elementor-post-type=\"page\">\n\t\t\t\t<div class=\"elementor-element elementor-element-b552191 e-flex e-con-boxed e-con e-parent\" data-id=\"b552191\" data-element_type=\"container\">\n\t\t\t\t\t<div class=\"e-con-inner\">\n\t\t\t\t<div class=\"elementor-element elementor-element-9a0d364 elementor-widget elementor-widget-heading\" data-id=\"9a0d364\" data-element_type=\"widget\" data-widget_type=\"heading.default\">\n\t\t\t\t<div class=\"elementor-widget-container\">\n\t\t\t<style>\/*! elementor - v3.21.0 - 22-05-2024 *\/\n.elementor-heading-title{padding:0;margin:0;line-height:1}.elementor-widget-heading .elementor-heading-title[class*=elementor-size-]>a{color:inherit;font-size:inherit;line-height:inherit}.elementor-widget-heading .elementor-heading-title.elementor-size-small{font-size:15px}.elementor-widget-heading .elementor-heading-title.elementor-size-medium{font-size:19px}.elementor-widget-heading .elementor-heading-title.elementor-size-large{font-size:29px}.elementor-widget-heading .elementor-heading-title.elementor-size-xl{font-size:39px}.elementor-widget-heading .elementor-heading-title.elementor-size-xxl{font-size:59px}<\/style><h1 class=\"elementor-heading-title elementor-size-default\">Notificare de modificare a contului bancar Kwoco<\/h1>\t\t<\/div>\n\t\t\t\t<\/div>\n\t\t\t\t<div class=\"elementor-element elementor-element-967faa7 elementor-widget elementor-widget-text-editor\" data-id=\"967faa7\" data-element_type=\"widget\" data-widget_type=\"text-editor.default\">\n\t\t\t\t<div class=\"elementor-widget-container\">\n\t\t\t<style>\/*! elementor - v3.21.0 - 22-05-2024 *\/\n.elementor-widget-text-editor.elementor-drop-cap-view-stacked .elementor-drop-cap{background-color:#69727d;color:#fff}.elementor-widget-text-editor.elementor-drop-cap-view-framed .elementor-drop-cap{color:#69727d;border:3px solid;background-color:transparent}.elementor-widget-text-editor:not(.elementor-drop-cap-view-default) .elementor-drop-cap{margin-top:8px}.elementor-widget-text-editor:not(.elementor-drop-cap-view-default) .elementor-drop-cap-letter{width:1em;height:1em}.elementor-widget-text-editor .elementor-drop-cap{float:left;text-align:center;line-height:1;font-size:50px}.elementor-widget-text-editor .elementor-drop-cap-letter{display:inline-block}<\/style>\t\t\t\t<p><strong>Dragi clien\u021bi \u0219i parteneri valoro\u0219i<\/strong>,<\/p><p>V\u0103 scriem pentru a anun\u021ba oficial o actualizare important\u0103 privind contul bancar al companiei noastre pentru primirea pl\u0103\u021bilor.<\/p><p>Pentru a \u00eembun\u0103t\u0103\u021bi procesarea tranzac\u021biilor interna\u021bionale \u0219i a \u00eembun\u0103t\u0103\u021bi securitatea financiar\u0103, am trecut la noi parteneri bancari.<\/p><p>Cu efect imediat, [<strong>20 iulie 2025<\/strong>], v\u0103 rug\u0103m s\u0103 direc\u021biona\u021bi toate pl\u0103\u021bile viitoare c\u0103tre noile conturi corespunz\u0103toare, a\u0219a cum este detaliat mai jos.<\/p><p>\u00a0<\/p><p><span style=\"color: #ff0000;\"><strong>Pentru pl\u0103\u021bi \u00een USD (ACH):<\/strong><\/span><\/p><p><strong>Numele b\u0103ncii:<\/strong> Banca Federal\u0103 de Economii Comunitare<\/p><p><strong>Adresa b\u0103ncii:<\/strong> 89-16 Jamaica Ave, Woodhaven, NY, SUA<\/p><p><strong>Rutare ACH:<\/strong> 026073150<\/p><p><strong>Rutare prin cablu:<\/strong> 026073008<\/p><p><strong>Codul SWIFT:<\/strong> CMFGUS33<\/p><p><strong>Num\u0103rul de cont:<\/strong> 8489114859<\/p><p><strong>Tipul contului:<\/strong> CONTROL<\/p><p><strong>Numele beneficiarului:<\/strong> KWOCO AUTOMATION CO LIMITED<\/p><p>\u00a0<\/p><p><strong><span style=\"color: #ff0000;\">Cont global multivalutar:<\/span><br \/><\/strong><\/p><p><strong>Beneficiar:<\/strong>\u00a0KWOCO AUTOMATION CO LIMITED<\/p><p><strong>Numele b\u0103ncii<\/strong>Banking Circle SA<\/p><p><strong>Adresa b\u0103ncii:<\/strong> Amerika Plads, 38, Copenhaga, Danemarca<\/p><p><strong>IBAN:<\/strong> DK3189000058511439<\/p><p><strong>SWIFT\/BIC:<\/strong> SSXPYDKKK<\/p><p><strong>Num\u0103rul de cont:<\/strong> 0058511439<\/p><p><strong>\u021aara b\u0103ncii:<\/strong> Danemarca<\/p><p>\u00a0<\/p><p><span style=\"color: #ff0000;\"><strong>Ac\u021biune crucial\u0103 necesar\u0103:<\/strong><\/span><\/p><p>V\u0103 rug\u0103m s\u0103 v\u0103 actualiza\u021bi imediat \u00eenregistr\u0103rile de pl\u0103\u021bi pentru a reflecta aceast\u0103 modificare. Pl\u0103\u021bile trimise c\u0103tre conturile noastre anterioare pot fi supuse unor \u00eent\u00e2rzieri semnificative sau respingeri, deoarece aceste conturi vor fi dezafectate \u00eencep\u00e2nd cu [<strong>30 octombrie 2025<\/strong>].<\/p><p>Notificare de securitate: Acest anun\u021b de pe site-ul nostru oficial serve\u0219te drept singura notificare oficial\u0103 a acestei modific\u0103ri. Compania noastr\u0103 nu va trimite e-mailuri separate, nesolicitate, prin care s\u0103 solicite modific\u0103ri ale detaliilor bancare. Dac\u0103 primi\u021bi o astfel de solicitare, v\u0103 rug\u0103m s\u0103 o ignora\u021bi \u0219i s\u0103 ne contacta\u021bi direct la num\u0103rul nostru de telefon oficial pentru a-i verifica autenticitatea.<\/p><p>\u00cen\u021belegem c\u0103 acest lucru necesit\u0103 o actualizare administrativ\u0103 din partea dumneavoastr\u0103 \u0219i v\u0103 apreciem sincer cooperarea prompt\u0103.<\/p><p>Dac\u0103 ave\u021bi \u00eentreb\u0103ri sau ave\u021bi nevoie de asisten\u021b\u0103, nu ezita\u021bi s\u0103 contacta\u021bi Departamentul nostru Financiar la [<strong>sales@kwoco-plc.com<\/strong>] sau apel\u00e2nd [<strong>+86-755-81481609<\/strong>].<\/p><p>V\u0103 mul\u021bumim pentru \u00eencrederea \u0219i parteneriatul dumneavoastr\u0103 continuu.<\/p><p>Cu sinceritate,<\/p><p>Automatizare KWOCO<\/p>\t\t\t\t\t\t<\/div>\n\t\t\t\t<\/div>\n\t\t\t\t\t<\/div>\n\t\t\t\t<\/div>\n\t\t\t\t<\/div>","protected":false},"excerpt":{"rendered":"<p>Notificare privind modificarea contului bancar Kwoco Stima\u021bi clien\u021bi \u0219i parteneri, V\u0103 scriem pentru a anun\u021ba oficial o actualizare important\u0103 privind contul bancar al companiei noastre pentru primirea pl\u0103\u021bilor. Pentru a \u00eembun\u0103t\u0103\u021bi procesarea tranzac\u021biilor interna\u021bionale \u0219i a \u00eembun\u0103t\u0103\u021bi securitatea financiar\u0103, am trecut la noi parteneri bancari. \u00cencep\u00e2nd cu data de [20 iulie 2025], v\u0103 solicit\u0103m s\u0103 v\u0103 adresa\u021bi tuturor [\u2026]<\/p>","protected":false},"author":1,"featured_media":0,"parent":0,"menu_order":0,"comment_status":"closed","ping_status":"closed","template":"","meta":{"footnotes":""},"categories":[],"tags":[],"_links":{"self":[{"href":"https:\/\/kwoco-plc.com\/ro\/wp-json\/wp\/v2\/pages\/39808"}],"collection":[{"href":"https:\/\/kwoco-plc.com\/ro\/wp-json\/wp\/v2\/pages"}],"about":[{"href":"https:\/\/kwoco-plc.com\/ro\/wp-json\/wp\/v2\/types\/page"}],"author":[{"embeddable":true,"href":"https:\/\/kwoco-plc.com\/ro\/wp-json\/wp\/v2\/users\/1"}],"replies":[{"embeddable":true,"href":"https:\/\/kwoco-plc.com\/ro\/wp-json\/wp\/v2\/comments?post=39808"}],"version-history":[{"count":17,"href":"https:\/\/kwoco-plc.com\/ro\/wp-json\/wp\/v2\/pages\/39808\/revisions"}],"predecessor-version":[{"id":39826,"href":"https:\/\/kwoco-plc.com\/ro\/wp-json\/wp\/v2\/pages\/39808\/revisions\/39826"}],"wp:attachment":[{"href":"https:\/\/kwoco-plc.com\/ro\/wp-json\/wp\/v2\/media?parent=39808"}],"wp:term":[{"taxonomy":"category","embeddable":true,"href":"https:\/\/kwoco-plc.com\/ro\/wp-json\/wp\/v2\/categories?post=39808"},{"taxonomy":"post_tag","embeddable":true,"href":"https:\/\/kwoco-plc.com\/ro\/wp-json\/wp\/v2\/tags?post=39808"}],"curies":[{"name":"wp","href":"https:\/\/api.w.org\/{rel}","templated":true}]}}