{"id":3,"date":"2024-05-16T08:58:28","date_gmt":"2024-05-16T08:58:28","guid":{"rendered":"https:\/\/kwoco-plc.com\/?page_id=3"},"modified":"2024-05-25T02:16:25","modified_gmt":"2024-05-25T02:16:25","slug":"privacy-policy","status":"publish","type":"page","link":"https:\/\/kwoco-plc.com\/ro\/privacy-policy\/","title":{"rendered":"Politica de confiden\u021bialitate"},"content":{"rendered":"<div data-elementor-type=\"wp-page\" data-elementor-id=\"3\" class=\"elementor elementor-3\" data-elementor-post-type=\"page\">\n\t\t\t\t<div class=\"elementor-element elementor-element-062ae6b e-flex e-con-boxed e-con e-parent\" data-id=\"062ae6b\" data-element_type=\"container\">\n\t\t\t\t\t<div class=\"e-con-inner\">\n\t\t\t\t<div class=\"elementor-element elementor-element-928079f elementor-widget elementor-widget-heading\" data-id=\"928079f\" data-element_type=\"widget\" data-widget_type=\"heading.default\">\n\t\t\t\t<div class=\"elementor-widget-container\">\n\t\t\t<style>\/*! elementor - v3.21.0 - 22-05-2024 *\/\n.elementor-heading-title{padding:0;margin:0;line-height:1}.elementor-widget-heading .elementor-heading-title[class*=elementor-size-]>a{color:inherit;font-size:inherit;line-height:inherit}.elementor-widget-heading .elementor-heading-title.elementor-size-small{font-size:15px}.elementor-widget-heading .elementor-heading-title.elementor-size-medium{font-size:19px}.elementor-widget-heading .elementor-heading-title.elementor-size-large{font-size:29px}.elementor-widget-heading .elementor-heading-title.elementor-size-xl{font-size:39px}.elementor-widget-heading .elementor-heading-title.elementor-size-xxl{font-size:59px}<\/style><h1 class=\"elementor-heading-title elementor-size-default\">Politica de confiden\u021bialitate<\/h1>\t\t<\/div>\n\t\t\t\t<\/div>\n\t\t\t\t<div class=\"elementor-element elementor-element-fd366a4 elementor-widget-divider--view-line elementor-widget elementor-widget-divider\" data-id=\"fd366a4\" data-element_type=\"widget\" data-widget_type=\"divider.default\">\n\t\t\t\t<div class=\"elementor-widget-container\">\n\t\t\t<style>\/*! elementor - v3.21.0 - 22-05-2024 *\/\n.elementor-widget-divider{--divider-border-style:none;--divider-border-width:1px;--divider-color:#0c0d0e;--divider-icon-size:20px;--divider-element-spacing:10px;--divider-pattern-height:24px;--divider-pattern-size:20px;--divider-pattern-url:none;--divider-pattern-repeat:repeat-x}.elementor-widget-divider .elementor-divider{display:flex}.elementor-widget-divider .elementor-divider__text{font-size:15px;line-height:1;max-width:95%}.elementor-widget-divider .elementor-divider__element{margin:0 var(--divider-element-spacing);flex-shrink:0}.elementor-widget-divider .elementor-icon{font-size:var(--divider-icon-size)}.elementor-widget-divider .elementor-divider-separator{display:flex;margin:0;direction:ltr}.elementor-widget-divider--view-line_icon .elementor-divider-separator,.elementor-widget-divider--view-line_text .elementor-divider-separator{align-items:center}.elementor-widget-divider--view-line_icon .elementor-divider-separator:after,.elementor-widget-divider--view-line_icon .elementor-divider-separator:before,.elementor-widget-divider--view-line_text .elementor-divider-separator:after,.elementor-widget-divider--view-line_text .elementor-divider-separator:before{display:block;content:\"\";border-block-end:0;flex-grow:1;border-block-start:var(--divider-border-width) var(--divider-border-style) var(--divider-color)}.elementor-widget-divider--element-align-left .elementor-divider .elementor-divider-separator>.elementor-divider__svg:first-of-type{flex-grow:0;flex-shrink:100}.elementor-widget-divider--element-align-left .elementor-divider-separator:before{content:none}.elementor-widget-divider--element-align-left .elementor-divider__element{margin-left:0}.elementor-widget-divider--element-align-right .elementor-divider .elementor-divider-separator>.elementor-divider__svg:last-of-type{flex-grow:0;flex-shrink:100}.elementor-widget-divider--element-align-right .elementor-divider-separator:after{content:none}.elementor-widget-divider--element-align-right .elementor-divider__element{margin-right:0}.elementor-widget-divider--element-align-start .elementor-divider .elementor-divider-separator>.elementor-divider__svg:first-of-type{flex-grow:0;flex-shrink:100}.elementor-widget-divider--element-align-start .elementor-divider-separator:before{content:none}.elementor-widget-divider--element-align-start .elementor-divider__element{margin-inline-start:0}.elementor-widget-divider--element-align-end .elementor-divider .elementor-divider-separator>.elementor-divider__svg:last-of-type{flex-grow:0;flex-shrink:100}.elementor-widget-divider--element-align-end .elementor-divider-separator:after{content:none}.elementor-widget-divider--element-align-end .elementor-divider__element{margin-inline-end:0}.elementor-widget-divider:not(.elementor-widget-divider--view-line_text):not(.elementor-widget-divider--view-line_icon) .elementor-divider-separator{border-block-start:var(--divider-border-width) var(--divider-border-style) var(--divider-color)}.elementor-widget-divider--separator-type-pattern{--divider-border-style:none}.elementor-widget-divider--separator-type-pattern.elementor-widget-divider--view-line .elementor-divider-separator,.elementor-widget-divider--separator-type-pattern:not(.elementor-widget-divider--view-line) .elementor-divider-separator:after,.elementor-widget-divider--separator-type-pattern:not(.elementor-widget-divider--view-line) .elementor-divider-separator:before,.elementor-widget-divider--separator-type-pattern:not([class*=elementor-widget-divider--view]) .elementor-divider-separator{width:100%;min-height:var(--divider-pattern-height);-webkit-mask-size:var(--divider-pattern-size) 100%;mask-size:var(--divider-pattern-size) 100%;-webkit-mask-repeat:var(--divider-pattern-repeat);mask-repeat:var(--divider-pattern-repeat);background-color:var(--divider-color);-webkit-mask-image:var(--divider-pattern-url);mask-image:var(--divider-pattern-url)}.elementor-widget-divider--no-spacing{--divider-pattern-size:auto}.elementor-widget-divider--bg-round{--divider-pattern-repeat:round}.rtl .elementor-widget-divider .elementor-divider__text{direction:rtl}.e-con-inner>.elementor-widget-divider,.e-con>.elementor-widget-divider{width:var(--container-widget-width,100%);--flex-grow:var(--container-widget-flex-grow)}<\/style>\t\t<div class=\"elementor-divider\">\n\t\t\t<span class=\"elementor-divider-separator\">\n\t\t\t\t\t\t<\/span>\n\t\t<\/div>\n\t\t\t\t<\/div>\n\t\t\t\t<\/div>\n\t\t\t\t\t<\/div>\n\t\t\t\t<\/div>\n\t\t<div class=\"elementor-element elementor-element-33b65240 e-flex e-con-boxed e-con e-parent\" data-id=\"33b65240\" data-element_type=\"container\">\n\t\t\t\t\t<div class=\"e-con-inner\">\n\t\t<div class=\"elementor-element elementor-element-ac69a90 e-flex e-con-boxed e-con e-child\" data-id=\"ac69a90\" data-element_type=\"container\">\n\t\t\t\t\t<div class=\"e-con-inner\">\n\t\t\t\t<div class=\"elementor-element elementor-element-6a859db elementor-widget elementor-widget-heading\" data-id=\"6a859db\" data-element_type=\"widget\" data-widget_type=\"heading.default\">\n\t\t\t\t<div class=\"elementor-widget-container\">\n\t\t\t<h2 class=\"elementor-heading-title elementor-size-default\">Cine suntem<\/h2>\t\t<\/div>\n\t\t\t\t<\/div>\n\t\t\t\t\t<\/div>\n\t\t\t\t<\/div>\n\t\t\t\t<div class=\"elementor-element elementor-element-840ab40 elementor-widget elementor-widget-text-editor\" data-id=\"840ab40\" data-element_type=\"widget\" data-widget_type=\"text-editor.default\">\n\t\t\t\t<div class=\"elementor-widget-container\">\n\t\t\t<style>\/*! elementor - v3.21.0 - 22-05-2024 *\/\n.elementor-widget-text-editor.elementor-drop-cap-view-stacked .elementor-drop-cap{background-color:#69727d;color:#fff}.elementor-widget-text-editor.elementor-drop-cap-view-framed .elementor-drop-cap{color:#69727d;border:3px solid;background-color:transparent}.elementor-widget-text-editor:not(.elementor-drop-cap-view-default) .elementor-drop-cap{margin-top:8px}.elementor-widget-text-editor:not(.elementor-drop-cap-view-default) .elementor-drop-cap-letter{width:1em;height:1em}.elementor-widget-text-editor .elementor-drop-cap{float:left;text-align:center;line-height:1;font-size:50px}.elementor-widget-text-editor .elementor-drop-cap-letter{display:inline-block}<\/style>\t\t\t\t<p><strong class=\"privacy-policy-tutorial\">Text sugerat: <\/strong>Adresa site-ului nostru este: <a href=\"https:\/\/kwoco-plc.com\/ro\/\">kwoco-plc.com<\/a><\/p>\t\t\t\t\t\t<\/div>\n\t\t\t\t<\/div>\n\t\t\t\t<div class=\"elementor-element elementor-element-386d5eb elementor-widget elementor-widget-heading\" data-id=\"386d5eb\" data-element_type=\"widget\" data-widget_type=\"heading.default\">\n\t\t\t\t<div class=\"elementor-widget-container\">\n\t\t\t<h2 class=\"elementor-heading-title elementor-size-default\">Comentarii<\/h2>\t\t<\/div>\n\t\t\t\t<\/div>\n\t\t\t\t<div class=\"elementor-element elementor-element-5bfbbba elementor-widget elementor-widget-text-editor\" data-id=\"5bfbbba\" data-element_type=\"widget\" data-widget_type=\"text-editor.default\">\n\t\t\t\t<div class=\"elementor-widget-container\">\n\t\t\t\t\t\t\t<p><strong class=\"privacy-policy-tutorial\">Text sugerat: <\/strong>C\u00e2nd vizitatorii las\u0103 comentarii pe site, colect\u0103m datele afi\u0219ate \u00een formularul de comentarii, precum \u0219i adresa IP a vizitatorului \u0219i \u0219irul de agent de utilizator al browserului pentru a ajuta la detectarea spam-ului.<\/p>\n<p><!-- \/wp:paragraph --><!-- wp:paragraph --><\/p>\n<p>Un \u0219ir anonim creat de la adresa dvs. de e-mail (numit \u0219i hash) poate fi furnizat serviciului Gravatar pentru a vedea dac\u0103 \u00eel utiliza\u021bi. Politica de confiden\u021bialitate a serviciului Gravatar este disponibil\u0103 aici: https:\/\/automattic.com\/privacy\/. Dup\u0103 aprobarea comentariului dvs., fotografia dvs. de profil este vizibil\u0103 publicului \u00een contextul comentariului dvs.<\/p>\t\t\t\t\t\t<\/div>\n\t\t\t\t<\/div>\n\t\t\t\t<div class=\"elementor-element elementor-element-06e03f1 elementor-widget elementor-widget-heading\" data-id=\"06e03f1\" data-element_type=\"widget\" data-widget_type=\"heading.default\">\n\t\t\t\t<div class=\"elementor-widget-container\">\n\t\t\t<h2 class=\"elementor-heading-title elementor-size-default\">Media<\/h2>\t\t<\/div>\n\t\t\t\t<\/div>\n\t\t\t\t<div class=\"elementor-element elementor-element-39f583d elementor-widget elementor-widget-text-editor\" data-id=\"39f583d\" data-element_type=\"widget\" data-widget_type=\"text-editor.default\">\n\t\t\t\t<div class=\"elementor-widget-container\">\n\t\t\t\t\t\t\t<p><strong class=\"privacy-policy-tutorial\">Text sugerat: <\/strong>Dac\u0103 \u00eenc\u0103rca\u021bi imagini pe site-ul web, ar trebui s\u0103 evita\u021bi s\u0103 \u00eenc\u0103rca\u021bi imagini cu date de loca\u021bie \u00eencorporate (EXIF GPS) incluse. Vizitatorii site-ului web pot desc\u0103rca \u0219i extrage orice date despre loca\u021bie din imaginile de pe site.<\/p>\t\t\t\t\t\t<\/div>\n\t\t\t\t<\/div>\n\t\t\t\t<div class=\"elementor-element elementor-element-f9e065a elementor-widget elementor-widget-heading\" data-id=\"f9e065a\" data-element_type=\"widget\" data-widget_type=\"heading.default\">\n\t\t\t\t<div class=\"elementor-widget-container\">\n\t\t\t<h2 class=\"elementor-heading-title elementor-size-default\">Cookie-uri<\/h2>\t\t<\/div>\n\t\t\t\t<\/div>\n\t\t\t\t<div class=\"elementor-element elementor-element-96cb13b elementor-widget elementor-widget-text-editor\" data-id=\"96cb13b\" data-element_type=\"widget\" data-widget_type=\"text-editor.default\">\n\t\t\t\t<div class=\"elementor-widget-container\">\n\t\t\t\t\t\t\t<p><strong class=\"privacy-policy-tutorial\">Text sugerat: <\/strong>Dac\u0103 l\u0103sa\u021bi un comentariu pe site-ul nostru, pute\u021bi opta pentru salvarea numelui, a adresei de e-mail \u0219i a site-ului web \u00een cookie-uri. Acestea sunt pentru comoditatea dumneavoastr\u0103, astfel \u00eenc\u00e2t s\u0103 nu fie nevoie s\u0103 v\u0103 completa\u021bi din nou datele c\u00e2nd l\u0103sa\u021bi un alt comentariu. Aceste cookie-uri vor dura un an.<\/p>\n<p><!-- \/wp:paragraph --><!-- wp:paragraph --><\/p>\n<p>Dac\u0103 vizita\u021bi pagina noastr\u0103 de conectare, vom seta un cookie temporar pentru a determina dac\u0103 browserul dumneavoastr\u0103 accept\u0103 cookie-uri. Acest cookie nu con\u021bine date personale \u0219i este eliminat atunci c\u00e2nd \u00eenchide\u021bi browserul.<\/p>\n<p><!-- \/wp:paragraph --><!-- wp:paragraph --><\/p>\n<p>C\u00e2nd v\u0103 conecta\u021bi, vom configura \u0219i c\u00e2teva module cookie pentru a v\u0103 salva informa\u021biile de conectare \u0219i op\u021biunile de afi\u0219are a ecranului. Cookie-urile de conectare dureaz\u0103 dou\u0103 zile, iar modulele cookie de op\u021biuni de ecran dureaz\u0103 un an. Dac\u0103 selecta\u021bi \u201e\u021aine\u021bi minte\u201d, autentificarea dvs. va persista timp de dou\u0103 s\u0103pt\u0103m\u00e2ni. Dac\u0103 v\u0103 deconecta\u021bi de la contul dvs., cookie-urile de conectare vor fi eliminate.<\/p>\n<p><!-- \/wp:paragraph --><!-- wp:paragraph --><\/p>\n<p>Dac\u0103 edita\u021bi sau publica\u021bi un articol, un cookie suplimentar va fi salvat \u00een browser. Acest cookie nu include date personale \u0219i indic\u0103 pur \u0219i simplu ID-ul post\u0103rii articolului pe care tocmai l-a\u021bi editat. Expir\u0103 dup\u0103 1 zi.<\/p>\t\t\t\t\t\t<\/div>\n\t\t\t\t<\/div>\n\t\t\t\t<div class=\"elementor-element elementor-element-6cc2fd6 elementor-widget elementor-widget-heading\" data-id=\"6cc2fd6\" data-element_type=\"widget\" data-widget_type=\"heading.default\">\n\t\t\t\t<div class=\"elementor-widget-container\">\n\t\t\t<h2 class=\"elementor-heading-title elementor-size-default\">Con\u021binut \u00eencorporat de pe alte site-uri web<\/h2>\t\t<\/div>\n\t\t\t\t<\/div>\n\t\t\t\t<div class=\"elementor-element elementor-element-4e82fd1 elementor-widget elementor-widget-text-editor\" data-id=\"4e82fd1\" data-element_type=\"widget\" data-widget_type=\"text-editor.default\">\n\t\t\t\t<div class=\"elementor-widget-container\">\n\t\t\t\t\t\t\t<p><strong class=\"privacy-policy-tutorial\">Text sugerat: <\/strong>Articolele de pe acest site pot include con\u021binut \u00eencorporat (de exemplu, videoclipuri, imagini, articole etc.). Con\u021binutul \u00eencorporat de pe alte site-uri web se comport\u0103 exact \u00een acela\u0219i mod ca \u0219i cum vizitatorul ar fi vizitat cel\u0103lalt site web.<\/p>\n<p><!-- \/wp:paragraph --><!-- wp:paragraph --><\/p>\n<p>Aceste site-uri web pot colecta date despre dvs., pot utiliza cookie-uri, pot \u00eencorpora urm\u0103rire suplimentar\u0103 de la ter\u021bi \u0219i v\u0103 pot monitoriza interac\u021biunea cu acel con\u021binut \u00eencorporat, inclusiv urm\u0103rirea interac\u021biunii dvs. cu con\u021binutul \u00eencorporat dac\u0103 ave\u021bi un cont \u0219i sunte\u021bi conectat la acel site web.<\/p>\t\t\t\t\t\t<\/div>\n\t\t\t\t<\/div>\n\t\t\t\t<div class=\"elementor-element elementor-element-eb087bb elementor-widget elementor-widget-heading\" data-id=\"eb087bb\" data-element_type=\"widget\" data-widget_type=\"heading.default\">\n\t\t\t\t<div class=\"elementor-widget-container\">\n\t\t\t<h2 class=\"elementor-heading-title elementor-size-default\">\n\n\nCu cine \u00eemp\u0103rt\u0103\u0219im datele dvs<\/h2>\t\t<\/div>\n\t\t\t\t<\/div>\n\t\t\t\t<div class=\"elementor-element elementor-element-2008b7f elementor-widget elementor-widget-text-editor\" data-id=\"2008b7f\" data-element_type=\"widget\" data-widget_type=\"text-editor.default\">\n\t\t\t\t<div class=\"elementor-widget-container\">\n\t\t\t\t\t\t\t<p><strong class=\"privacy-policy-tutorial\">Text sugerat: <\/strong>Dac\u0103 solicita\u021bi o resetare a parolei, adresa dvs. IP va fi inclus\u0103 \u00een e-mailul de resetare.<\/p>\t\t\t\t\t\t<\/div>\n\t\t\t\t<\/div>\n\t\t\t\t<div class=\"elementor-element elementor-element-adbf095 elementor-widget elementor-widget-heading\" data-id=\"adbf095\" data-element_type=\"widget\" data-widget_type=\"heading.default\">\n\t\t\t\t<div class=\"elementor-widget-container\">\n\t\t\t<h2 class=\"elementor-heading-title elementor-size-default\">\n\n\nC\u00e2t timp p\u0103str\u0103m datele dumneavoastr\u0103<\/h2>\t\t<\/div>\n\t\t\t\t<\/div>\n\t\t\t\t<div class=\"elementor-element elementor-element-876c305 elementor-widget elementor-widget-text-editor\" data-id=\"876c305\" data-element_type=\"widget\" data-widget_type=\"text-editor.default\">\n\t\t\t\t<div class=\"elementor-widget-container\">\n\t\t\t\t\t\t\t<p><strong class=\"privacy-policy-tutorial\">Text sugerat: <\/strong>Dac\u0103 l\u0103sa\u021bi un comentariu, comentariul \u0219i metadatele sale sunt p\u0103strate pe termen nelimitat. Acest lucru este astfel \u00eenc\u00e2t s\u0103 putem recunoa\u0219te \u0219i aproba automat orice comentarii ulterioare, \u00een loc s\u0103 le \u021binem \u00eentr-o coad\u0103 de moderare.<\/p>\n<p><!-- \/wp:paragraph --><!-- wp:paragraph --><\/p>\n<p>Pentru utilizatorii care se \u00eenregistreaz\u0103 pe site-ul nostru web (dac\u0103 exist\u0103), stoc\u0103m \u0219i informa\u021biile personale pe care le furnizeaz\u0103 \u00een profilul lor de utilizator. To\u021bi utilizatorii \u00ee\u0219i pot vedea, edita sau \u0219terge informa\u021biile personale \u00een orice moment (cu excep\u021bia faptului c\u0103 nu \u00ee\u0219i pot schimba numele de utilizator). Administratorii site-urilor web pot, de asemenea, s\u0103 vad\u0103 \u0219i s\u0103 editeze aceste informa\u021bii.<\/p>\t\t\t\t\t\t<\/div>\n\t\t\t\t<\/div>\n\t\t\t\t<div class=\"elementor-element elementor-element-5542592 elementor-widget elementor-widget-heading\" data-id=\"5542592\" data-element_type=\"widget\" data-widget_type=\"heading.default\">\n\t\t\t\t<div class=\"elementor-widget-container\">\n\t\t\t<h2 class=\"elementor-heading-title elementor-size-default\">\n\n\nCe drepturi ave\u021bi asupra datelor dvs<\/h2>\t\t<\/div>\n\t\t\t\t<\/div>\n\t\t\t\t<div class=\"elementor-element elementor-element-3644d86 elementor-widget elementor-widget-text-editor\" data-id=\"3644d86\" data-element_type=\"widget\" data-widget_type=\"text-editor.default\">\n\t\t\t\t<div class=\"elementor-widget-container\">\n\t\t\t\t\t\t\t<p><strong class=\"privacy-policy-tutorial\">Text sugerat: <\/strong>Dac\u0103 ave\u021bi un cont pe acest site sau a\u021bi l\u0103sat comentarii, pute\u021bi solicita s\u0103 primi\u021bi un fi\u0219ier exportat cu datele personale pe care le de\u021binem despre dvs., inclusiv orice date pe care ni le-a\u021bi furnizat. De asemenea, pute\u021bi solicita s\u0103 \u0219tergem toate datele personale pe care le de\u021binem despre dumneavoastr\u0103. Aceasta nu include datele pe care suntem obliga\u021bi s\u0103 le p\u0103str\u0103m \u00een scopuri administrative, legale sau de securitate.<\/p>\t\t\t\t\t\t<\/div>\n\t\t\t\t<\/div>\n\t\t\t\t<div class=\"elementor-element elementor-element-87fd2f8 elementor-widget elementor-widget-heading\" data-id=\"87fd2f8\" data-element_type=\"widget\" data-widget_type=\"heading.default\">\n\t\t\t\t<div class=\"elementor-widget-container\">\n\t\t\t<h2 class=\"elementor-heading-title elementor-size-default\">Unde sunt trimise datele dvs<\/h2>\t\t<\/div>\n\t\t\t\t<\/div>\n\t\t\t\t<div class=\"elementor-element elementor-element-55c1fa6 elementor-widget elementor-widget-text-editor\" data-id=\"55c1fa6\" data-element_type=\"widget\" data-widget_type=\"text-editor.default\">\n\t\t\t\t<div class=\"elementor-widget-container\">\n\t\t\t\t\t\t\t<p><strong class=\"privacy-policy-tutorial\">Text sugerat: <\/strong>Comentariile vizitatorilor pot fi verificate printr-un serviciu automat de detectare a spam-ului.<\/p>\t\t\t\t\t\t<\/div>\n\t\t\t\t<\/div>\n\t\t\t\t\t<\/div>\n\t\t\t\t<\/div>\n\t\t\t\t<\/div>","protected":false},"excerpt":{"rendered":"<p>Politica de confiden\u021bialitate Cine suntem Text sugerat: Adresa site-ului nostru este: kwoco-plc.com Comentarii Text sugerat: C\u00e2nd vizitatorii las\u0103 comentarii pe site, colect\u0103m datele afi\u0219ate \u00een formularul de comentarii, precum \u0219i adresa IP a vizitatorului \u0219i \u0219irul de agent de utilizator al browserului pentru a ajuta la detectarea spamului. Un \u0219ir anonim creat din adresa ta de e-mail (de asemenea [\u2026]<\/p>","protected":false},"author":1,"featured_media":0,"parent":0,"menu_order":0,"comment_status":"closed","ping_status":"open","template":"","meta":{"footnotes":""},"categories":[],"tags":[],"_links":{"self":[{"href":"https:\/\/kwoco-plc.com\/ro\/wp-json\/wp\/v2\/pages\/3"}],"collection":[{"href":"https:\/\/kwoco-plc.com\/ro\/wp-json\/wp\/v2\/pages"}],"about":[{"href":"https:\/\/kwoco-plc.com\/ro\/wp-json\/wp\/v2\/types\/page"}],"author":[{"embeddable":true,"href":"https:\/\/kwoco-plc.com\/ro\/wp-json\/wp\/v2\/users\/1"}],"replies":[{"embeddable":true,"href":"https:\/\/kwoco-plc.com\/ro\/wp-json\/wp\/v2\/comments?post=3"}],"version-history":[{"count":7,"href":"https:\/\/kwoco-plc.com\/ro\/wp-json\/wp\/v2\/pages\/3\/revisions"}],"predecessor-version":[{"id":10536,"href":"https:\/\/kwoco-plc.com\/ro\/wp-json\/wp\/v2\/pages\/3\/revisions\/10536"}],"wp:attachment":[{"href":"https:\/\/kwoco-plc.com\/ro\/wp-json\/wp\/v2\/media?parent=3"}],"wp:term":[{"taxonomy":"category","embeddable":true,"href":"https:\/\/kwoco-plc.com\/ro\/wp-json\/wp\/v2\/categories?post=3"},{"taxonomy":"post_tag","embeddable":true,"href":"https:\/\/kwoco-plc.com\/ro\/wp-json\/wp\/v2\/tags?post=3"}],"curies":[{"name":"wp","href":"https:\/\/api.w.org\/{rel}","templated":true}]}}