{"id":171,"date":"2024-05-17T03:36:59","date_gmt":"2024-05-17T03:36:59","guid":{"rendered":"https:\/\/kwoco-plc.com\/?page_id=171"},"modified":"2025-03-13T22:37:29","modified_gmt":"2025-03-14T06:37:29","slug":"thank-you","status":"publish","type":"page","link":"https:\/\/kwoco-plc.com\/ro\/thank-you\/","title":{"rendered":"Multumesc"},"content":{"rendered":"<div data-elementor-type=\"wp-page\" data-elementor-id=\"171\" class=\"elementor elementor-171\" data-elementor-post-type=\"page\">\n\t\t\t\t<div class=\"elementor-element elementor-element-50b572b e-flex e-con-boxed e-con e-parent\" data-id=\"50b572b\" data-element_type=\"container\">\n\t\t\t\t\t<div class=\"e-con-inner\">\n\t\t\t\t<div class=\"elementor-element elementor-element-b0f9c22 elementor-widget elementor-widget-heading\" data-id=\"b0f9c22\" data-element_type=\"widget\" data-widget_type=\"heading.default\">\n\t\t\t\t<div class=\"elementor-widget-container\">\n\t\t\t<style>\/*! elementor - v3.21.0 - 22-05-2024 *\/\n.elementor-heading-title{padding:0;margin:0;line-height:1}.elementor-widget-heading .elementor-heading-title[class*=elementor-size-]>a{color:inherit;font-size:inherit;line-height:inherit}.elementor-widget-heading .elementor-heading-title.elementor-size-small{font-size:15px}.elementor-widget-heading .elementor-heading-title.elementor-size-medium{font-size:19px}.elementor-widget-heading .elementor-heading-title.elementor-size-large{font-size:29px}.elementor-widget-heading .elementor-heading-title.elementor-size-xl{font-size:39px}.elementor-widget-heading .elementor-heading-title.elementor-size-xxl{font-size:59px}<\/style><h2 class=\"elementor-heading-title elementor-size-default\">Multumesc!<\/h2>\t\t<\/div>\n\t\t\t\t<\/div>\n\t\t\t\t<div class=\"elementor-element elementor-element-a06751a elementor-widget elementor-widget-heading\" data-id=\"a06751a\" data-element_type=\"widget\" data-widget_type=\"heading.default\">\n\t\t\t\t<div class=\"elementor-widget-container\">\n\t\t\t<p class=\"elementor-heading-title elementor-size-default\">Dac\u0103 a\u021bi ajuns la aceast\u0103 pagin\u0103, atunci felicit\u0103ri, formularul dvs. a fost trimis cu succes \u0219i v\u0103 vom contacta de obicei \u00een termen de o zi lucr\u0103toare. Pute\u021bi continua s\u0103 v\u0103 plimba\u021bi pe site-ul nostru dup\u0103 cum dori\u021bi.<\/p>\t\t<\/div>\n\t\t\t\t<\/div>\n\t\t<div class=\"elementor-element elementor-element-990b116 e-flex e-con-boxed e-con e-child\" data-id=\"990b116\" data-element_type=\"container\">\n\t\t\t\t\t<div class=\"e-con-inner\">\n\t\t\t\t<div class=\"elementor-element elementor-element-112cea3 elementor-widget elementor-widget-button\" data-id=\"112cea3\" data-element_type=\"widget\" data-widget_type=\"button.default\">\n\t\t\t\t<div class=\"elementor-widget-container\">\n\t\t\t\t\t<div class=\"elementor-button-wrapper\">\n\t\t\t<a class=\"elementor-button elementor-button-link elementor-size-sm\" href=\"https:\/\/kwoco-plc.com\/ro\/\">\n\t\t\t\t\t\t<span class=\"elementor-button-content-wrapper\">\n\t\t\t\t\t\t\t\t\t<span class=\"elementor-button-text\">Vizita\u021bi pagina de pornire<\/span>\n\t\t\t\t\t<\/span>\n\t\t\t\t\t<\/a>\n\t\t<\/div>\n\t\t\t\t<\/div>\n\t\t\t\t<\/div>\n\t\t\t\t<div class=\"elementor-element elementor-element-e9d3737 elementor-widget elementor-widget-button\" data-id=\"e9d3737\" data-element_type=\"widget\" data-widget_type=\"button.default\">\n\t\t\t\t<div class=\"elementor-widget-container\">\n\t\t\t\t\t<div class=\"elementor-button-wrapper\">\n\t\t\t<a class=\"elementor-button elementor-button-link elementor-size-sm\" href=\"https:\/\/kwoco-plc.com\/ro\/product\/\">\n\t\t\t\t\t\t<span class=\"elementor-button-content-wrapper\">\n\t\t\t\t\t\t\t\t\t<span class=\"elementor-button-text\">Exploreaz\u0103 mai mult<\/span>\n\t\t\t\t\t<\/span>\n\t\t\t\t\t<\/a>\n\t\t<\/div>\n\t\t\t\t<\/div>\n\t\t\t\t<\/div>\n\t\t\t\t\t<\/div>\n\t\t\t\t<\/div>\n\t\t\t\t\t<\/div>\n\t\t\t\t<\/div>\n\t\t\t\t<\/div>","protected":false},"excerpt":{"rendered":"<p>Multumesc! Dac\u0103 a\u021bi ajuns la aceast\u0103 pagin\u0103, atunci felicit\u0103ri, formularul dvs. a fost trimis cu succes \u0219i v\u0103 vom contacta de obicei \u00een termen de o zi lucr\u0103toare. Pute\u021bi continua s\u0103 v\u0103 plimba\u021bi pe site-ul nostru dup\u0103 cum dori\u021bi. Vizita\u021bi pagina de pornire Explora\u021bi mai multe<\/p>","protected":false},"author":1,"featured_media":145,"parent":0,"menu_order":0,"comment_status":"closed","ping_status":"closed","template":"","meta":{"footnotes":""},"categories":[],"tags":[],"_links":{"self":[{"href":"https:\/\/kwoco-plc.com\/ro\/wp-json\/wp\/v2\/pages\/171"}],"collection":[{"href":"https:\/\/kwoco-plc.com\/ro\/wp-json\/wp\/v2\/pages"}],"about":[{"href":"https:\/\/kwoco-plc.com\/ro\/wp-json\/wp\/v2\/types\/page"}],"author":[{"embeddable":true,"href":"https:\/\/kwoco-plc.com\/ro\/wp-json\/wp\/v2\/users\/1"}],"replies":[{"embeddable":true,"href":"https:\/\/kwoco-plc.com\/ro\/wp-json\/wp\/v2\/comments?post=171"}],"version-history":[{"count":7,"href":"https:\/\/kwoco-plc.com\/ro\/wp-json\/wp\/v2\/pages\/171\/revisions"}],"predecessor-version":[{"id":18626,"href":"https:\/\/kwoco-plc.com\/ro\/wp-json\/wp\/v2\/pages\/171\/revisions\/18626"}],"wp:featuredmedia":[{"embeddable":true,"href":"https:\/\/kwoco-plc.com\/ro\/wp-json\/wp\/v2\/media\/145"}],"wp:attachment":[{"href":"https:\/\/kwoco-plc.com\/ro\/wp-json\/wp\/v2\/media?parent=171"}],"wp:term":[{"taxonomy":"category","embeddable":true,"href":"https:\/\/kwoco-plc.com\/ro\/wp-json\/wp\/v2\/categories?post=171"},{"taxonomy":"post_tag","embeddable":true,"href":"https:\/\/kwoco-plc.com\/ro\/wp-json\/wp\/v2\/tags?post=171"}],"curies":[{"name":"wp","href":"https:\/\/api.w.org\/{rel}","templated":true}]}}