{"id":39808,"date":"2025-08-12T01:16:56","date_gmt":"2025-08-12T09:16:56","guid":{"rendered":"https:\/\/kwoco-plc.com\/?page_id=39808"},"modified":"2025-08-13T02:08:08","modified_gmt":"2025-08-13T10:08:08","slug":"kwoco-bank-account-update","status":"publish","type":"page","link":"https:\/\/kwoco-plc.com\/pt\/kwoco-bank-account-update\/","title":{"rendered":"Atualiza\u00e7\u00e3o da conta banc\u00e1ria Kwoco"},"content":{"rendered":"<div data-elementor-type=\"wp-page\" data-elementor-id=\"39808\" class=\"elementor elementor-39808\" data-elementor-post-type=\"page\">\n\t\t\t\t<div class=\"elementor-element elementor-element-b552191 e-flex e-con-boxed e-con e-parent\" data-id=\"b552191\" data-element_type=\"container\">\n\t\t\t\t\t<div class=\"e-con-inner\">\n\t\t\t\t<div class=\"elementor-element elementor-element-9a0d364 elementor-widget elementor-widget-heading\" data-id=\"9a0d364\" data-element_type=\"widget\" data-widget_type=\"heading.default\">\n\t\t\t\t<div class=\"elementor-widget-container\">\n\t\t\t<style>\/*! elementor - v3.21.0 - 22-05-2024 *\/\n.elementor-heading-title{padding:0;margin:0;line-height:1}.elementor-widget-heading .elementor-heading-title[class*=elementor-size-]>a{color:inherit;font-size:inherit;line-height:inherit}.elementor-widget-heading .elementor-heading-title.elementor-size-small{font-size:15px}.elementor-widget-heading .elementor-heading-title.elementor-size-medium{font-size:19px}.elementor-widget-heading .elementor-heading-title.elementor-size-large{font-size:29px}.elementor-widget-heading .elementor-heading-title.elementor-size-xl{font-size:39px}.elementor-widget-heading .elementor-heading-title.elementor-size-xxl{font-size:59px}<\/style><h1 class=\"elementor-heading-title elementor-size-default\">Aviso de altera\u00e7\u00e3o de conta banc\u00e1ria em Kwoco<\/h1>\t\t<\/div>\n\t\t\t\t<\/div>\n\t\t\t\t<div class=\"elementor-element elementor-element-967faa7 elementor-widget elementor-widget-text-editor\" data-id=\"967faa7\" data-element_type=\"widget\" data-widget_type=\"text-editor.default\">\n\t\t\t\t<div class=\"elementor-widget-container\">\n\t\t\t<style>\/*! elementor - v3.21.0 - 22-05-2024 *\/\n.elementor-widget-text-editor.elementor-drop-cap-view-stacked .elementor-drop-cap{background-color:#69727d;color:#fff}.elementor-widget-text-editor.elementor-drop-cap-view-framed .elementor-drop-cap{color:#69727d;border:3px solid;background-color:transparent}.elementor-widget-text-editor:not(.elementor-drop-cap-view-default) .elementor-drop-cap{margin-top:8px}.elementor-widget-text-editor:not(.elementor-drop-cap-view-default) .elementor-drop-cap-letter{width:1em;height:1em}.elementor-widget-text-editor .elementor-drop-cap{float:left;text-align:center;line-height:1;font-size:50px}.elementor-widget-text-editor .elementor-drop-cap-letter{display:inline-block}<\/style>\t\t\t\t<p><strong>Prezados clientes e parceiros<\/strong>,<\/p><p>Estamos escrevendo para anunciar formalmente uma atualiza\u00e7\u00e3o importante sobre a conta banc\u00e1ria da nossa empresa para recebimento de pagamentos.<\/p><p>Para aprimorar nosso processamento de transa\u00e7\u00f5es internacionais e aumentar a seguran\u00e7a financeira, fizemos a transi\u00e7\u00e3o para novos parceiros banc\u00e1rios.<\/p><p>Com efeito imediato, [<strong>20 de julho de 2025<\/strong>], solicitamos que voc\u00ea direcione todos os pagamentos futuros para as novas contas correspondentes, conforme detalhado abaixo.<\/p><p>\u00a0<\/p><p><span style=\"color: #ff0000;\"><strong>Para pagamentos em USD (ACH):<\/strong><\/span><\/p><p><strong>Nome do banco:<\/strong> Caixa Econ\u00f4mica Federal Comunit\u00e1ria<\/p><p><strong>Endere\u00e7o do banco:<\/strong> 89-16 Jamaica Ave, Woodhaven, NY, EUA<\/p><p><strong>Roteamento ACH:<\/strong> 026073150<\/p><p><strong>Roteamento Fedwire:<\/strong> 026073008<\/p><p><strong>C\u00f3digo Swift:<\/strong> CMFGUS33<\/p><p><strong>N\u00famero de conta:<\/strong> 8489114859<\/p><p><strong>Tipo de conta:<\/strong> VERIFICA\u00c7\u00c3O<\/p><p><strong>Nome do benefici\u00e1rio:<\/strong> KWOCO AUTOMATION CO LIMITADA<\/p><p>\u00a0<\/p><p><strong><span style=\"color: #ff0000;\">Conta global multimoeda:<\/span><br \/><\/strong><\/p><p><strong>Benefici\u00e1rio:<\/strong>\u00a0KWOCO AUTOMATION CO LIMITADA<\/p><p><strong>Nome do banco<\/strong>: C\u00edrculo Banc\u00e1rio SA<\/p><p><strong>Endere\u00e7o do banco:<\/strong> Amerika Plads, 38, Copenhague, Dinamarca<\/p><p><strong>IBAN:<\/strong> DK3189000058511439<\/p><p><strong>SWIFT\/BIC:<\/strong> SXPYDKKK<\/p><p><strong>N\u00famero de conta:<\/strong> 0058511439<\/p><p><strong>Pa\u00eds do Banco:<\/strong> Dinamarca<\/p><p>\u00a0<\/p><p><span style=\"color: #ff0000;\"><strong>A\u00e7\u00e3o crucial necess\u00e1ria:<\/strong><\/span><\/p><p>Solicitamos gentilmente que atualize seus registros de pagamento imediatamente para refletir essa altera\u00e7\u00e3o. Os pagamentos enviados para nossas contas anteriores podem estar sujeitos a atrasos significativos ou rejei\u00e7\u00e3o, pois essas contas ser\u00e3o desativadas a partir de [<strong>30 de outubro de 2025<\/strong>].<\/p><p>Aviso de Seguran\u00e7a: Este an\u00fancio em nosso site oficial serve como a \u00fanica notifica\u00e7\u00e3o formal desta altera\u00e7\u00e3o. Nossa empresa n\u00e3o enviar\u00e1 e-mails separados e n\u00e3o solicitados solicitando altera\u00e7\u00f5es em seus dados banc\u00e1rios. Caso receba qualquer solicita\u00e7\u00e3o desse tipo, desconsidere-a e entre em contato conosco diretamente pelo nosso n\u00famero de telefone oficial para verificar sua autenticidade.<\/p><p>Reconhecemos que isso requer uma atualiza\u00e7\u00e3o administrativa de sua parte e agradecemos sinceramente sua pronta coopera\u00e7\u00e3o.<\/p><p>Caso tenha alguma d\u00favida ou necessite de assist\u00eancia, n\u00e3o hesite em contactar o nosso Departamento Financeiro atrav\u00e9s do n\u00famero [<strong>vendas@kwoco-plc.com<\/strong>] ou ligando para [<strong>+86-755-81481609<\/strong>].<\/p><p>Obrigado pela sua confian\u00e7a e parceria cont\u00ednuas.<\/p><p>Sinceramente,<\/p><p>Automa\u00e7\u00e3o KWOCO<\/p>\t\t\t\t\t\t<\/div>\n\t\t\t\t<\/div>\n\t\t\t\t\t<\/div>\n\t\t\t\t<\/div>\n\t\t\t\t<\/div>","protected":false},"excerpt":{"rendered":"<p>Aviso de Altera\u00e7\u00e3o da Conta Banc\u00e1ria Kwoco Prezados Clientes e Parceiros, Estamos escrevendo para anunciar formalmente uma atualiza\u00e7\u00e3o importante sobre a conta banc\u00e1ria da nossa empresa para recebimento de pagamentos. Para aprimorar nosso processamento de transa\u00e7\u00f5es internacionais e aumentar a seguran\u00e7a financeira, fizemos a transi\u00e7\u00e3o para novos parceiros banc\u00e1rios. Com efeito imediato, [20 de julho de 2025], solicitamos que voc\u00eas encaminhem todos [\u2026]<\/p>","protected":false},"author":1,"featured_media":0,"parent":0,"menu_order":0,"comment_status":"closed","ping_status":"closed","template":"","meta":{"footnotes":""},"categories":[],"tags":[],"_links":{"self":[{"href":"https:\/\/kwoco-plc.com\/pt\/wp-json\/wp\/v2\/pages\/39808"}],"collection":[{"href":"https:\/\/kwoco-plc.com\/pt\/wp-json\/wp\/v2\/pages"}],"about":[{"href":"https:\/\/kwoco-plc.com\/pt\/wp-json\/wp\/v2\/types\/page"}],"author":[{"embeddable":true,"href":"https:\/\/kwoco-plc.com\/pt\/wp-json\/wp\/v2\/users\/1"}],"replies":[{"embeddable":true,"href":"https:\/\/kwoco-plc.com\/pt\/wp-json\/wp\/v2\/comments?post=39808"}],"version-history":[{"count":17,"href":"https:\/\/kwoco-plc.com\/pt\/wp-json\/wp\/v2\/pages\/39808\/revisions"}],"predecessor-version":[{"id":39826,"href":"https:\/\/kwoco-plc.com\/pt\/wp-json\/wp\/v2\/pages\/39808\/revisions\/39826"}],"wp:attachment":[{"href":"https:\/\/kwoco-plc.com\/pt\/wp-json\/wp\/v2\/media?parent=39808"}],"wp:term":[{"taxonomy":"category","embeddable":true,"href":"https:\/\/kwoco-plc.com\/pt\/wp-json\/wp\/v2\/categories?post=39808"},{"taxonomy":"post_tag","embeddable":true,"href":"https:\/\/kwoco-plc.com\/pt\/wp-json\/wp\/v2\/tags?post=39808"}],"curies":[{"name":"wp","href":"https:\/\/api.w.org\/{rel}","templated":true}]}}