{"id":39808,"date":"2025-08-12T01:16:56","date_gmt":"2025-08-12T09:16:56","guid":{"rendered":"https:\/\/kwoco-plc.com\/?page_id=39808"},"modified":"2025-08-13T02:08:08","modified_gmt":"2025-08-13T10:08:08","slug":"kwoco-bank-account-update","status":"publish","type":"page","link":"https:\/\/kwoco-plc.com\/hu\/kwoco-bank-account-update\/","title":{"rendered":"Kwoco Banksz\u00e1mla friss\u00edt\u00e9s"},"content":{"rendered":"<div data-elementor-type=\"wp-page\" data-elementor-id=\"39808\" class=\"elementor elementor-39808\" data-elementor-post-type=\"page\">\n\t\t\t\t<div class=\"elementor-element elementor-element-b552191 e-flex e-con-boxed e-con e-parent\" data-id=\"b552191\" data-element_type=\"container\">\n\t\t\t\t\t<div class=\"e-con-inner\">\n\t\t\t\t<div class=\"elementor-element elementor-element-9a0d364 elementor-widget elementor-widget-heading\" data-id=\"9a0d364\" data-element_type=\"widget\" data-widget_type=\"heading.default\">\n\t\t\t\t<div class=\"elementor-widget-container\">\n\t\t\t<style>\/*! elementor - v3.21.0 - 22-05-2024 *\/\n.elementor-heading-title{padding:0;margin:0;line-height:1}.elementor-widget-heading .elementor-heading-title[class*=elementor-size-]>a{color:inherit;font-size:inherit;line-height:inherit}.elementor-widget-heading .elementor-heading-title.elementor-size-small{font-size:15px}.elementor-widget-heading .elementor-heading-title.elementor-size-medium{font-size:19px}.elementor-widget-heading .elementor-heading-title.elementor-size-large{font-size:29px}.elementor-widget-heading .elementor-heading-title.elementor-size-xl{font-size:39px}.elementor-widget-heading .elementor-heading-title.elementor-size-xxl{font-size:59px}<\/style><h1 class=\"elementor-heading-title elementor-size-default\">Kwoco Banksz\u00e1mla-m\u00f3dos\u00edt\u00e1si \u00e9rtes\u00edt\u00e9s<\/h1>\t\t<\/div>\n\t\t\t\t<\/div>\n\t\t\t\t<div class=\"elementor-element elementor-element-967faa7 elementor-widget elementor-widget-text-editor\" data-id=\"967faa7\" data-element_type=\"widget\" data-widget_type=\"text-editor.default\">\n\t\t\t\t<div class=\"elementor-widget-container\">\n\t\t\t<style>\/*! elementor - v3.21.0 - 22-05-2024 *\/\n.elementor-widget-text-editor.elementor-drop-cap-view-stacked .elementor-drop-cap{background-color:#69727d;color:#fff}.elementor-widget-text-editor.elementor-drop-cap-view-framed .elementor-drop-cap{color:#69727d;border:3px solid;background-color:transparent}.elementor-widget-text-editor:not(.elementor-drop-cap-view-default) .elementor-drop-cap{margin-top:8px}.elementor-widget-text-editor:not(.elementor-drop-cap-view-default) .elementor-drop-cap-letter{width:1em;height:1em}.elementor-widget-text-editor .elementor-drop-cap{float:left;text-align:center;line-height:1;font-size:50px}.elementor-widget-text-editor .elementor-drop-cap-letter{display:inline-block}<\/style>\t\t\t\t<p><strong>Kedves \u00dcgyfeleink \u00e9s Partnereink!<\/strong>,<\/p><p>Ez\u00faton hivatalosan is bejelentj\u00fck c\u00e9g\u00fcnk banksz\u00e1ml\u00e1j\u00e1val kapcsolatos fontos friss\u00edt\u00e9st, amelyre a kifizet\u00e9sek fogad\u00e1s\u00e1ra szolg\u00e1l.<\/p><p>Nemzetk\u00f6zi tranzakci\u00f3feldolgoz\u00e1sunk fejleszt\u00e9se \u00e9s p\u00e9nz\u00fcgyi biztons\u00e1gunk jav\u00edt\u00e1sa \u00e9rdek\u00e9ben \u00faj banki partnerekre v\u00e1ltottunk.<\/p><p>Azonnal hat\u00e1lyba l\u00e9p, [<strong>2025. j\u00falius 20.<\/strong>], k\u00e9rj\u00fck, hogy minden j\u00f6v\u0151beni kifizet\u00e9st az al\u00e1bb r\u00e9szletezett \u00faj sz\u00e1ml\u00e1kra ir\u00e1ny\u00edtson \u00e1t.<\/p><p>\u00a0<\/p><p><span style=\"color: #ff0000;\"><strong>USD-ben (ACH) t\u00f6rt\u00e9n\u0151 fizet\u00e9sek eset\u00e9n:<\/strong><\/span><\/p><p><strong>Bank neve:<\/strong> K\u00f6z\u00f6ss\u00e9gi Sz\u00f6vets\u00e9gi Takar\u00e9kp\u00e9nzt\u00e1r<\/p><p><strong>Bank c\u00edme:<\/strong> 89-16 Jamaica Ave, Woodhaven, NY, USA<\/p><p><strong>ACH \u00fatvonaltervez\u00e9s:<\/strong> 026073150<\/p><p><strong>Fedwire \u00fatvonaltervez\u00e9s:<\/strong> 026073008<\/p><p><strong>SWIFT-k\u00f3d:<\/strong> CMFGUS33<\/p><p><strong>Sz\u00e1mlasz\u00e1m:<\/strong> 8489114859<\/p><p><strong>Fi\u00f3kt\u00edpus:<\/strong> ELLEN\u0150RZ\u00c9S<\/p><p><strong>Kedvezm\u00e9nyezett neve:<\/strong> KWOCO AUTOMATION CO LIMITED<\/p><p>\u00a0<\/p><p><strong><span style=\"color: #ff0000;\">T\u00f6bbp\u00e9nznemes glob\u00e1lis sz\u00e1mla:<\/span><br \/><\/strong><\/p><p><strong>Kedvezm\u00e9nyezett:<\/strong>\u00a0KWOCO AUTOMATION CO LIMITED<\/p><p><strong>Bank neve<\/strong>Banking Circle SA<\/p><p><strong>Bank c\u00edme:<\/strong> Amerika Plads, 38, Koppenh\u00e1ga, D\u00e1nia<\/p><p><strong>IBAN:<\/strong> DK3189000058511439<\/p><p><strong>SWIFT\/BIC:<\/strong> SXPYDKKK<\/p><p><strong>Sz\u00e1mlasz\u00e1m:<\/strong> 0058511439<\/p><p><strong>Bank orsz\u00e1ga:<\/strong> D\u00e1nia<\/p><p>\u00a0<\/p><p><span style=\"color: #ff0000;\"><strong>Fontos int\u00e9zked\u00e9s sz\u00fcks\u00e9ges:<\/strong><\/span><\/p><p>K\u00e9rj\u00fck, hogy halad\u00e9ktalanul friss\u00edtse fizet\u00e9si nyilv\u00e1ntart\u00e1sait, hogy azok t\u00fckr\u00f6zz\u00e9k ezt a v\u00e1ltoz\u00e1st. A kor\u00e1bbi sz\u00e1ml\u00e1inkra k\u00fcld\u00f6tt kifizet\u00e9sek jelent\u0151s k\u00e9sedelmet szenvedhetnek, vagy ak\u00e1r elutas\u00edt\u00e1sra is sor ker\u00fclhet, mivel ezeket a sz\u00e1ml\u00e1kat [<strong>2025. okt\u00f3ber 30.<\/strong>].<\/p><p>Biztons\u00e1gi k\u00f6zlem\u00e9ny: Ez a hivatalos weboldalunkon k\u00f6zz\u00e9tett bejelent\u00e9s a v\u00e1ltoz\u00e1s egyetlen hivatalos \u00e9rtes\u00edt\u00e9se. C\u00e9g\u00fcnk nem k\u00fcld k\u00fcl\u00f6n, k\u00e9retlen e-maileket banksz\u00e1mlaadat-m\u00f3dos\u00edt\u00e1sra vonatkoz\u00f3an. Ha ilyen k\u00e9r\u00e9st kap, k\u00e9rj\u00fck, hagyja figyelmen k\u00edv\u00fcl, \u00e9s vegye fel vel\u00fcnk a kapcsolatot k\u00f6zvetlen\u00fcl hivatalos telefonsz\u00e1munkon a hiteless\u00e9g ellen\u0151rz\u00e9se \u00e9rdek\u00e9ben.<\/p><p>Tiszt\u00e1ban vagyunk azzal, hogy ez adminisztrat\u00edv t\u00e1j\u00e9koztat\u00e1st ig\u00e9nyel az \u00d6n r\u00e9sz\u00e9r\u0151l, \u00e9s \u0151szint\u00e9n k\u00f6sz\u00f6nj\u00fck gyors egy\u00fcttm\u0171k\u00f6d\u00e9s\u00e9t.<\/p><p>Ha b\u00e1rmilyen k\u00e9rd\u00e9se van, vagy seg\u00edts\u00e9gre van sz\u00fcks\u00e9ge, k\u00e9rj\u00fck, forduljon bizalommal p\u00e9nz\u00fcgyi oszt\u00e1lyunkhoz a [ telefonsz\u00e1mon ] c\u00edmen.<strong>sales@kwoco-plc.com<\/strong>] vagy h\u00edvja a [<strong>+86-755-81481609<\/strong>].<\/p><p>K\u00f6sz\u00f6nj\u00fck a folyamatos bizalmat \u00e9s partners\u00e9get.<\/p><p>\u0150szint\u00e9n,<\/p><p>KWOCO automatiz\u00e1l\u00e1s<\/p>\t\t\t\t\t\t<\/div>\n\t\t\t\t<\/div>\n\t\t\t\t\t<\/div>\n\t\t\t\t<\/div>\n\t\t\t\t<\/div>","protected":false},"excerpt":{"rendered":"<p>Kwoco Banksz\u00e1mla V\u00e1ltoz\u00e1si T\u00e1j\u00e9koztat\u00f3 Kedves \u00dcgyfeleink \u00e9s Partnereink! Ez\u00faton hivatalosan bejelentj\u00fck c\u00e9g\u00fcnk fizet\u00e9sek fogad\u00e1s\u00e1ra haszn\u00e1lt banksz\u00e1ml\u00e1j\u00e1val kapcsolatos fontos friss\u00edt\u00e9st. A nemzetk\u00f6zi tranzakci\u00f3feldolgoz\u00e1s fejleszt\u00e9se \u00e9s a p\u00e9nz\u00fcgyi biztons\u00e1g jav\u00edt\u00e1sa \u00e9rdek\u00e9ben \u00faj banki partnerekre v\u00e1ltottunk. Azonnali hat\u00e1llyal, [2025. j\u00falius 20-\u00e1n] k\u00e9rj\u00fck, hogy ir\u00e1ny\u00edtsa \u00e1t minden [\u2026]<\/p>","protected":false},"author":1,"featured_media":0,"parent":0,"menu_order":0,"comment_status":"closed","ping_status":"closed","template":"","meta":{"footnotes":""},"categories":[],"tags":[],"_links":{"self":[{"href":"https:\/\/kwoco-plc.com\/hu\/wp-json\/wp\/v2\/pages\/39808"}],"collection":[{"href":"https:\/\/kwoco-plc.com\/hu\/wp-json\/wp\/v2\/pages"}],"about":[{"href":"https:\/\/kwoco-plc.com\/hu\/wp-json\/wp\/v2\/types\/page"}],"author":[{"embeddable":true,"href":"https:\/\/kwoco-plc.com\/hu\/wp-json\/wp\/v2\/users\/1"}],"replies":[{"embeddable":true,"href":"https:\/\/kwoco-plc.com\/hu\/wp-json\/wp\/v2\/comments?post=39808"}],"version-history":[{"count":17,"href":"https:\/\/kwoco-plc.com\/hu\/wp-json\/wp\/v2\/pages\/39808\/revisions"}],"predecessor-version":[{"id":39826,"href":"https:\/\/kwoco-plc.com\/hu\/wp-json\/wp\/v2\/pages\/39808\/revisions\/39826"}],"wp:attachment":[{"href":"https:\/\/kwoco-plc.com\/hu\/wp-json\/wp\/v2\/media?parent=39808"}],"wp:term":[{"taxonomy":"category","embeddable":true,"href":"https:\/\/kwoco-plc.com\/hu\/wp-json\/wp\/v2\/categories?post=39808"},{"taxonomy":"post_tag","embeddable":true,"href":"https:\/\/kwoco-plc.com\/hu\/wp-json\/wp\/v2\/tags?post=39808"}],"curies":[{"name":"munkaf\u00fczet","href":"https:\/\/api.w.org\/{rel}","templated":true}]}}