{"id":3,"date":"2024-05-16T08:58:28","date_gmt":"2024-05-16T08:58:28","guid":{"rendered":"https:\/\/kwoco-plc.com\/?page_id=3"},"modified":"2024-05-25T02:16:25","modified_gmt":"2024-05-25T02:16:25","slug":"privacy-policy","status":"publish","type":"page","link":"https:\/\/kwoco-plc.com\/hu\/privacy-policy\/","title":{"rendered":"Adatv\u00e9delmi szab\u00e1lyzat"},"content":{"rendered":"<div data-elementor-type=\"wp-page\" data-elementor-id=\"3\" class=\"elementor elementor-3\" data-elementor-post-type=\"page\">\n\t\t\t\t<div class=\"elementor-element elementor-element-062ae6b e-flex e-con-boxed e-con e-parent\" data-id=\"062ae6b\" data-element_type=\"container\">\n\t\t\t\t\t<div class=\"e-con-inner\">\n\t\t\t\t<div class=\"elementor-element elementor-element-928079f elementor-widget elementor-widget-heading\" data-id=\"928079f\" data-element_type=\"widget\" data-widget_type=\"heading.default\">\n\t\t\t\t<div class=\"elementor-widget-container\">\n\t\t\t<style>\/*! elementor - v3.21.0 - 22-05-2024 *\/\n.elementor-heading-title{padding:0;margin:0;line-height:1}.elementor-widget-heading .elementor-heading-title[class*=elementor-size-]>a{color:inherit;font-size:inherit;line-height:inherit}.elementor-widget-heading .elementor-heading-title.elementor-size-small{font-size:15px}.elementor-widget-heading .elementor-heading-title.elementor-size-medium{font-size:19px}.elementor-widget-heading .elementor-heading-title.elementor-size-large{font-size:29px}.elementor-widget-heading .elementor-heading-title.elementor-size-xl{font-size:39px}.elementor-widget-heading .elementor-heading-title.elementor-size-xxl{font-size:59px}<\/style><h1 class=\"elementor-heading-title elementor-size-default\">Adatv\u00e9delmi szab\u00e1lyzat<\/h1>\t\t<\/div>\n\t\t\t\t<\/div>\n\t\t\t\t<div class=\"elementor-element elementor-element-fd366a4 elementor-widget-divider--view-line elementor-widget elementor-widget-divider\" data-id=\"fd366a4\" data-element_type=\"widget\" data-widget_type=\"divider.default\">\n\t\t\t\t<div class=\"elementor-widget-container\">\n\t\t\t<style>\/*! elementor - v3.21.0 - 22-05-2024 *\/\n.elementor-widget-divider{--divider-border-style:none;--divider-border-width:1px;--divider-color:#0c0d0e;--divider-icon-size:20px;--divider-element-spacing:10px;--divider-pattern-height:24px;--divider-pattern-size:20px;--divider-pattern-url:none;--divider-pattern-repeat:repeat-x}.elementor-widget-divider .elementor-divider{display:flex}.elementor-widget-divider .elementor-divider__text{font-size:15px;line-height:1;max-width:95%}.elementor-widget-divider .elementor-divider__element{margin:0 var(--divider-element-spacing);flex-shrink:0}.elementor-widget-divider .elementor-icon{font-size:var(--divider-icon-size)}.elementor-widget-divider .elementor-divider-separator{display:flex;margin:0;direction:ltr}.elementor-widget-divider--view-line_icon .elementor-divider-separator,.elementor-widget-divider--view-line_text .elementor-divider-separator{align-items:center}.elementor-widget-divider--view-line_icon .elementor-divider-separator:after,.elementor-widget-divider--view-line_icon .elementor-divider-separator:before,.elementor-widget-divider--view-line_text .elementor-divider-separator:after,.elementor-widget-divider--view-line_text .elementor-divider-separator:before{display:block;content:\"\";border-block-end:0;flex-grow:1;border-block-start:var(--divider-border-width) var(--divider-border-style) var(--divider-color)}.elementor-widget-divider--element-align-left .elementor-divider .elementor-divider-separator>.elementor-divider__svg:first-of-type{flex-grow:0;flex-shrink:100}.elementor-widget-divider--element-align-left .elementor-divider-separator:before{content:none}.elementor-widget-divider--element-align-left .elementor-divider__element{margin-left:0}.elementor-widget-divider--element-align-right .elementor-divider .elementor-divider-separator>.elementor-divider__svg:last-of-type{flex-grow:0;flex-shrink:100}.elementor-widget-divider--element-align-right .elementor-divider-separator:after{content:none}.elementor-widget-divider--element-align-right .elementor-divider__element{margin-right:0}.elementor-widget-divider--element-align-start .elementor-divider .elementor-divider-separator>.elementor-divider__svg:first-of-type{flex-grow:0;flex-shrink:100}.elementor-widget-divider--element-align-start .elementor-divider-separator:before{content:none}.elementor-widget-divider--element-align-start .elementor-divider__element{margin-inline-start:0}.elementor-widget-divider--element-align-end .elementor-divider .elementor-divider-separator>.elementor-divider__svg:last-of-type{flex-grow:0;flex-shrink:100}.elementor-widget-divider--element-align-end .elementor-divider-separator:after{content:none}.elementor-widget-divider--element-align-end .elementor-divider__element{margin-inline-end:0}.elementor-widget-divider:not(.elementor-widget-divider--view-line_text):not(.elementor-widget-divider--view-line_icon) .elementor-divider-separator{border-block-start:var(--divider-border-width) var(--divider-border-style) var(--divider-color)}.elementor-widget-divider--separator-type-pattern{--divider-border-style:none}.elementor-widget-divider--separator-type-pattern.elementor-widget-divider--view-line .elementor-divider-separator,.elementor-widget-divider--separator-type-pattern:not(.elementor-widget-divider--view-line) .elementor-divider-separator:after,.elementor-widget-divider--separator-type-pattern:not(.elementor-widget-divider--view-line) .elementor-divider-separator:before,.elementor-widget-divider--separator-type-pattern:not([class*=elementor-widget-divider--view]) .elementor-divider-separator{width:100%;min-height:var(--divider-pattern-height);-webkit-mask-size:var(--divider-pattern-size) 100%;mask-size:var(--divider-pattern-size) 100%;-webkit-mask-repeat:var(--divider-pattern-repeat);mask-repeat:var(--divider-pattern-repeat);background-color:var(--divider-color);-webkit-mask-image:var(--divider-pattern-url);mask-image:var(--divider-pattern-url)}.elementor-widget-divider--no-spacing{--divider-pattern-size:auto}.elementor-widget-divider--bg-round{--divider-pattern-repeat:round}.rtl .elementor-widget-divider .elementor-divider__text{direction:rtl}.e-con-inner>.elementor-widget-divider,.e-con>.elementor-widget-divider{width:var(--container-widget-width,100%);--flex-grow:var(--container-widget-flex-grow)}<\/style>\t\t<div class=\"elementor-divider\">\n\t\t\t<span class=\"elementor-divider-separator\">\n\t\t\t\t\t\t<\/span>\n\t\t<\/div>\n\t\t\t\t<\/div>\n\t\t\t\t<\/div>\n\t\t\t\t\t<\/div>\n\t\t\t\t<\/div>\n\t\t<div class=\"elementor-element elementor-element-33b65240 e-flex e-con-boxed e-con e-parent\" data-id=\"33b65240\" data-element_type=\"container\">\n\t\t\t\t\t<div class=\"e-con-inner\">\n\t\t<div class=\"elementor-element elementor-element-ac69a90 e-flex e-con-boxed e-con e-child\" data-id=\"ac69a90\" data-element_type=\"container\">\n\t\t\t\t\t<div class=\"e-con-inner\">\n\t\t\t\t<div class=\"elementor-element elementor-element-6a859db elementor-widget elementor-widget-heading\" data-id=\"6a859db\" data-element_type=\"widget\" data-widget_type=\"heading.default\">\n\t\t\t\t<div class=\"elementor-widget-container\">\n\t\t\t<h2 class=\"elementor-heading-title elementor-size-default\">Kik vagyunk<\/h2>\t\t<\/div>\n\t\t\t\t<\/div>\n\t\t\t\t\t<\/div>\n\t\t\t\t<\/div>\n\t\t\t\t<div class=\"elementor-element elementor-element-840ab40 elementor-widget elementor-widget-text-editor\" data-id=\"840ab40\" data-element_type=\"widget\" data-widget_type=\"text-editor.default\">\n\t\t\t\t<div class=\"elementor-widget-container\">\n\t\t\t<style>\/*! elementor - v3.21.0 - 22-05-2024 *\/\n.elementor-widget-text-editor.elementor-drop-cap-view-stacked .elementor-drop-cap{background-color:#69727d;color:#fff}.elementor-widget-text-editor.elementor-drop-cap-view-framed .elementor-drop-cap{color:#69727d;border:3px solid;background-color:transparent}.elementor-widget-text-editor:not(.elementor-drop-cap-view-default) .elementor-drop-cap{margin-top:8px}.elementor-widget-text-editor:not(.elementor-drop-cap-view-default) .elementor-drop-cap-letter{width:1em;height:1em}.elementor-widget-text-editor .elementor-drop-cap{float:left;text-align:center;line-height:1;font-size:50px}.elementor-widget-text-editor .elementor-drop-cap-letter{display:inline-block}<\/style>\t\t\t\t<p><strong class=\"privacy-policy-tutorial\">Javasolt sz\u00f6veg: <\/strong>Weboldalunk c\u00edme: <a href=\"https:\/\/kwoco-plc.com\/hu\/\">kwoco-plc.com<\/a><\/p>\t\t\t\t\t\t<\/div>\n\t\t\t\t<\/div>\n\t\t\t\t<div class=\"elementor-element elementor-element-386d5eb elementor-widget elementor-widget-heading\" data-id=\"386d5eb\" data-element_type=\"widget\" data-widget_type=\"heading.default\">\n\t\t\t\t<div class=\"elementor-widget-container\">\n\t\t\t<h2 class=\"elementor-heading-title elementor-size-default\">Megjegyz\u00e9sek<\/h2>\t\t<\/div>\n\t\t\t\t<\/div>\n\t\t\t\t<div class=\"elementor-element elementor-element-5bfbbba elementor-widget elementor-widget-text-editor\" data-id=\"5bfbbba\" data-element_type=\"widget\" data-widget_type=\"text-editor.default\">\n\t\t\t\t<div class=\"elementor-widget-container\">\n\t\t\t\t\t\t\t<p><strong class=\"privacy-policy-tutorial\">Javasolt sz\u00f6veg: <\/strong>Amikor a l\u00e1togat\u00f3k megjegyz\u00e9seket f\u0171znek az oldalhoz, gy\u0171jtj\u00fck a megjegyz\u00e9s \u0171rlapon megjelen\u0151 adatokat, valamint a l\u00e1togat\u00f3 IP-c\u00edm\u00e9t \u00e9s a b\u00f6ng\u00e9sz\u0151 felhaszn\u00e1l\u00f3i \u00fcgyn\u00f6k karakterl\u00e1nc\u00e1t, hogy seg\u00edts\u00fck a spam \u00e9szlel\u00e9s\u00e9t.<\/p>\n<p><!-- \/wp:paragraph --><!-- wp:paragraph --><\/p>\n<p>Az \u00d6n e-mail c\u00edm\u00e9b\u0151l l\u00e9trehozott anonim karakterl\u00e1nc (m\u00e1s n\u00e9ven hash) a Gravatar szolg\u00e1ltat\u00e1shoz ker\u00fclhet, hogy ellen\u0151rizze, haszn\u00e1lja-e. A Gravatar szolg\u00e1ltat\u00e1s adatv\u00e9delmi szab\u00e1lyzata itt \u00e9rhet\u0151 el: https:\/\/automattic.com\/privacy\/. Hozz\u00e1sz\u00f3l\u00e1sod j\u00f3v\u00e1hagy\u00e1sa ut\u00e1n profilk\u00e9ped a nyilv\u00e1noss\u00e1g sz\u00e1m\u00e1ra l\u00e1that\u00f3v\u00e1 v\u00e1lik a hozz\u00e1sz\u00f3l\u00e1soddal \u00f6sszef\u00fcgg\u00e9sben.<\/p>\t\t\t\t\t\t<\/div>\n\t\t\t\t<\/div>\n\t\t\t\t<div class=\"elementor-element elementor-element-06e03f1 elementor-widget elementor-widget-heading\" data-id=\"06e03f1\" data-element_type=\"widget\" data-widget_type=\"heading.default\">\n\t\t\t\t<div class=\"elementor-widget-container\">\n\t\t\t<h2 class=\"elementor-heading-title elementor-size-default\">M\u00e9dia<\/h2>\t\t<\/div>\n\t\t\t\t<\/div>\n\t\t\t\t<div class=\"elementor-element elementor-element-39f583d elementor-widget elementor-widget-text-editor\" data-id=\"39f583d\" data-element_type=\"widget\" data-widget_type=\"text-editor.default\">\n\t\t\t\t<div class=\"elementor-widget-container\">\n\t\t\t\t\t\t\t<p><strong class=\"privacy-policy-tutorial\">Javasolt sz\u00f6veg: <\/strong>Ha k\u00e9peket t\u00f6lt fel a webhelyre, ker\u00fclje a be\u00e1gyazott helyadatokat (EXIF GPS) tartalmaz\u00f3 k\u00e9pek felt\u00f6lt\u00e9s\u00e9t. A webhely l\u00e1togat\u00f3i let\u00f6lthetik \u00e9s kivonhatj\u00e1k a webhelyen tal\u00e1lhat\u00f3 k\u00e9pekb\u0151l a helyadatokat.<\/p>\t\t\t\t\t\t<\/div>\n\t\t\t\t<\/div>\n\t\t\t\t<div class=\"elementor-element elementor-element-f9e065a elementor-widget elementor-widget-heading\" data-id=\"f9e065a\" data-element_type=\"widget\" data-widget_type=\"heading.default\">\n\t\t\t\t<div class=\"elementor-widget-container\">\n\t\t\t<h2 class=\"elementor-heading-title elementor-size-default\">Cookie-k<\/h2>\t\t<\/div>\n\t\t\t\t<\/div>\n\t\t\t\t<div class=\"elementor-element elementor-element-96cb13b elementor-widget elementor-widget-text-editor\" data-id=\"96cb13b\" data-element_type=\"widget\" data-widget_type=\"text-editor.default\">\n\t\t\t\t<div class=\"elementor-widget-container\">\n\t\t\t\t\t\t\t<p><strong class=\"privacy-policy-tutorial\">Javasolt sz\u00f6veg: <\/strong>Ha megjegyz\u00e9st \u00edr oldalunkhoz, enged\u00e9lyezheti nev\u00e9nek, e-mail c\u00edm\u00e9nek \u00e9s webhely\u00e9nek cookie-kba val\u00f3 ment\u00e9s\u00e9t. Ezek az \u00d6n k\u00e9nyelm\u00e9t szolg\u00e1lj\u00e1k, hogy ne kelljen \u00fajra megadnia adatait, amikor \u00fajabb megjegyz\u00e9st \u00edr. Ezek a s\u00fctik egy \u00e9vig eltartanak.<\/p>\n<p><!-- \/wp:paragraph --><!-- wp:paragraph --><\/p>\n<p>Ha megl\u00e1togatja bejelentkez\u00e9si oldalunkat, ideiglenes cookie-t \u00e1ll\u00edtunk be annak meg\u00e1llap\u00edt\u00e1s\u00e1ra, hogy b\u00f6ng\u00e9sz\u0151je elfogadja-e a cookie-kat. Ez a cookie nem tartalmaz szem\u00e9lyes adatokat, \u00e9s a b\u00f6ng\u00e9sz\u0151 bez\u00e1r\u00e1sakor t\u00f6rl\u0151dik.<\/p>\n<p><!-- \/wp:paragraph --><!-- wp:paragraph --><\/p>\n<p>Amikor bejelentkezik, t\u00f6bb cookie-t is be\u00e1ll\u00edtunk, amelyek elmentik a bejelentkez\u00e9si adatait \u00e9s a k\u00e9perny\u0151 megjelen\u00edt\u00e9si lehet\u0151s\u00e9geit. A bejelentkez\u00e9si cookie-k k\u00e9t napig, a k\u00e9perny\u0151be\u00e1ll\u00edt\u00e1si cookie-k pedig egy \u00e9vig m\u0171k\u00f6dnek. Ha az \u201eEml\u00e9kezz r\u00e1m\u201d lehet\u0151s\u00e9get v\u00e1lasztja, a bejelentkez\u00e9s k\u00e9t h\u00e9tig megmarad. Ha kijelentkezik fi\u00f3kj\u00e1b\u00f3l, a bejelentkez\u00e9si cookie-k t\u00f6rl\u0151dnek.<\/p>\n<p><!-- \/wp:paragraph --><!-- wp:paragraph --><\/p>\n<p>Ha szerkeszt vagy k\u00f6zz\u00e9tesz egy cikket, a b\u00f6ng\u00e9sz\u0151 egy tov\u00e1bbi cookie-t ment el. Ez a cookie nem tartalmaz szem\u00e9lyes adatokat, \u00e9s egyszer\u0171en csak az \u00e9ppen szerkesztett cikk bejegyz\u00e9sazonos\u00edt\u00f3j\u00e1t jelzi. 1 nap m\u00falva lej\u00e1r.<\/p>\t\t\t\t\t\t<\/div>\n\t\t\t\t<\/div>\n\t\t\t\t<div class=\"elementor-element elementor-element-6cc2fd6 elementor-widget elementor-widget-heading\" data-id=\"6cc2fd6\" data-element_type=\"widget\" data-widget_type=\"heading.default\">\n\t\t\t\t<div class=\"elementor-widget-container\">\n\t\t\t<h2 class=\"elementor-heading-title elementor-size-default\">Be\u00e1gyazott tartalom m\u00e1s webhelyekr\u0151l<\/h2>\t\t<\/div>\n\t\t\t\t<\/div>\n\t\t\t\t<div class=\"elementor-element elementor-element-4e82fd1 elementor-widget elementor-widget-text-editor\" data-id=\"4e82fd1\" data-element_type=\"widget\" data-widget_type=\"text-editor.default\">\n\t\t\t\t<div class=\"elementor-widget-container\">\n\t\t\t\t\t\t\t<p><strong class=\"privacy-policy-tutorial\">Javasolt sz\u00f6veg: <\/strong>Az ezen az oldalon tal\u00e1lhat\u00f3 cikkek tartalmazhatnak be\u00e1gyazott tartalmat (pl. vide\u00f3k, k\u00e9pek, cikkek stb.). A m\u00e1s webhelyekr\u0151l sz\u00e1rmaz\u00f3 be\u00e1gyazott tartalom pontosan ugyan\u00fagy viselkedik, mintha a l\u00e1togat\u00f3 megl\u00e1togatta volna a m\u00e1sik webhelyet.<\/p>\n<p><!-- \/wp:paragraph --><!-- wp:paragraph --><\/p>\n<p>Ezek a webhelyek adatokat gy\u0171jthetnek \u00d6nr\u0151l, cookie-kat haszn\u00e1lhatnak, tov\u00e1bbi, harmadik f\u00e9lt\u0151l sz\u00e1rmaz\u00f3 nyomon k\u00f6vet\u00e9st \u00e1gyazhatnak be, \u00e9s nyomon k\u00f6vethetik az \u00d6n interakci\u00f3j\u00e1t a be\u00e1gyazott tartalommal, bele\u00e9rtve a be\u00e1gyazott tartalommal val\u00f3 interakci\u00f3 nyomon k\u00f6vet\u00e9s\u00e9t is, ha rendelkezik fi\u00f3kkal, \u00e9s be van jelentkezve az adott webhelyre.<\/p>\t\t\t\t\t\t<\/div>\n\t\t\t\t<\/div>\n\t\t\t\t<div class=\"elementor-element elementor-element-eb087bb elementor-widget elementor-widget-heading\" data-id=\"eb087bb\" data-element_type=\"widget\" data-widget_type=\"heading.default\">\n\t\t\t\t<div class=\"elementor-widget-container\">\n\t\t\t<h2 class=\"elementor-heading-title elementor-size-default\">\n\n\nKivel osztjuk meg adatait<\/h2>\t\t<\/div>\n\t\t\t\t<\/div>\n\t\t\t\t<div class=\"elementor-element elementor-element-2008b7f elementor-widget elementor-widget-text-editor\" data-id=\"2008b7f\" data-element_type=\"widget\" data-widget_type=\"text-editor.default\">\n\t\t\t\t<div class=\"elementor-widget-container\">\n\t\t\t\t\t\t\t<p><strong class=\"privacy-policy-tutorial\">Javasolt sz\u00f6veg: <\/strong>Ha jelsz\u00f3-vissza\u00e1ll\u00edt\u00e1st k\u00e9r, az IP-c\u00edme szerepelni fog a vissza\u00e1ll\u00edt\u00f3 e-mailben.<\/p>\t\t\t\t\t\t<\/div>\n\t\t\t\t<\/div>\n\t\t\t\t<div class=\"elementor-element elementor-element-adbf095 elementor-widget elementor-widget-heading\" data-id=\"adbf095\" data-element_type=\"widget\" data-widget_type=\"heading.default\">\n\t\t\t\t<div class=\"elementor-widget-container\">\n\t\t\t<h2 class=\"elementor-heading-title elementor-size-default\">\n\n\nMennyi ideig \u0151rizz\u00fck meg adatait<\/h2>\t\t<\/div>\n\t\t\t\t<\/div>\n\t\t\t\t<div class=\"elementor-element elementor-element-876c305 elementor-widget elementor-widget-text-editor\" data-id=\"876c305\" data-element_type=\"widget\" data-widget_type=\"text-editor.default\">\n\t\t\t\t<div class=\"elementor-widget-container\">\n\t\t\t\t\t\t\t<p><strong class=\"privacy-policy-tutorial\">Javasolt sz\u00f6veg: <\/strong>Ha megjegyz\u00e9st \u00edr, a megjegyz\u00e9st \u00e9s metaadatait korl\u00e1tlan ideig meg\u0151rizz\u00fck. Ez az\u00e9rt van \u00edgy, hogy minden tov\u00e1bbi megjegyz\u00e9st automatikusan felismerj\u00fcnk \u00e9s j\u00f3v\u00e1hagyhassunk, ahelyett, hogy moder\u00e1l\u00e1si sorban tartan\u00e1nk \u0151ket.<\/p>\n<p><!-- \/wp:paragraph --><!-- wp:paragraph --><\/p>\n<p>Azon felhaszn\u00e1l\u00f3k sz\u00e1m\u00e1ra, akik regisztr\u00e1lnak a weboldalunkon (ha vannak), az \u00e1ltaluk megadott szem\u00e9lyes adatokat a felhaszn\u00e1l\u00f3i profiljukban is t\u00e1roljuk. Minden felhaszn\u00e1l\u00f3 b\u00e1rmikor megtekintheti, szerkesztheti vagy t\u00f6r\u00f6lheti szem\u00e9lyes adatait (kiv\u00e9ve, hogy nem m\u00f3dos\u00edthatja felhaszn\u00e1l\u00f3nev\u00e9t). A webhely rendszergazd\u00e1i is l\u00e1thatj\u00e1k \u00e9s szerkeszthetik ezeket az inform\u00e1ci\u00f3kat.<\/p>\t\t\t\t\t\t<\/div>\n\t\t\t\t<\/div>\n\t\t\t\t<div class=\"elementor-element elementor-element-5542592 elementor-widget elementor-widget-heading\" data-id=\"5542592\" data-element_type=\"widget\" data-widget_type=\"heading.default\">\n\t\t\t\t<div class=\"elementor-widget-container\">\n\t\t\t<h2 class=\"elementor-heading-title elementor-size-default\">\n\n\nMilyen jogai vannak az adataival kapcsolatban<\/h2>\t\t<\/div>\n\t\t\t\t<\/div>\n\t\t\t\t<div class=\"elementor-element elementor-element-3644d86 elementor-widget elementor-widget-text-editor\" data-id=\"3644d86\" data-element_type=\"widget\" data-widget_type=\"text-editor.default\">\n\t\t\t\t<div class=\"elementor-widget-container\">\n\t\t\t\t\t\t\t<p><strong class=\"privacy-policy-tutorial\">Javasolt sz\u00f6veg: <\/strong>Ha rendelkezik fi\u00f3kkal ezen az oldalon, vagy megjegyz\u00e9seket f\u0171z\u00f6tt hozz\u00e1, k\u00e9rhet egy export\u00e1lt f\u00e1jlt az \u00d6nr\u0151l t\u00e1rolt szem\u00e9lyes adatokr\u00f3l, bele\u00e9rtve az \u00d6n \u00e1ltal rendelkez\u00e9s\u00fcnkre bocs\u00e1tott adatokat is. Azt is k\u00e9rheti, hogy t\u00f6r\u00f6lj\u00fck az \u00d6nr\u0151l t\u00e1rolt szem\u00e9lyes adatokat. Ez nem foglalja mag\u00e1ban azokat az adatokat, amelyeket adminisztrat\u00edv, jogi vagy biztons\u00e1gi c\u00e9lb\u00f3l k\u00f6telesek vagyunk meg\u0151rizni.<\/p>\t\t\t\t\t\t<\/div>\n\t\t\t\t<\/div>\n\t\t\t\t<div class=\"elementor-element elementor-element-87fd2f8 elementor-widget elementor-widget-heading\" data-id=\"87fd2f8\" data-element_type=\"widget\" data-widget_type=\"heading.default\">\n\t\t\t\t<div class=\"elementor-widget-container\">\n\t\t\t<h2 class=\"elementor-heading-title elementor-size-default\">Hov\u00e1 k\u00fcldik az adatait<\/h2>\t\t<\/div>\n\t\t\t\t<\/div>\n\t\t\t\t<div class=\"elementor-element elementor-element-55c1fa6 elementor-widget elementor-widget-text-editor\" data-id=\"55c1fa6\" data-element_type=\"widget\" data-widget_type=\"text-editor.default\">\n\t\t\t\t<div class=\"elementor-widget-container\">\n\t\t\t\t\t\t\t<p><strong class=\"privacy-policy-tutorial\">Javasolt sz\u00f6veg: <\/strong>A l\u00e1togat\u00f3k megjegyz\u00e9sei egy automata spam\u00e9szlel\u0151 szolg\u00e1ltat\u00e1son kereszt\u00fcl ellen\u0151rizhet\u0151k.<\/p>\t\t\t\t\t\t<\/div>\n\t\t\t\t<\/div>\n\t\t\t\t\t<\/div>\n\t\t\t\t<\/div>\n\t\t\t\t<\/div>","protected":false},"excerpt":{"rendered":"<p>Adatv\u00e9delmi szab\u00e1lyzat Kik vagyunk Javasolt sz\u00f6veg: Weboldalunk c\u00edme: kwoco-plc.com Megjegyz\u00e9sek Javasolt sz\u00f6veg: Amikor a l\u00e1togat\u00f3k megjegyz\u00e9seket f\u0171znek az oldalhoz, gy\u0171jtj\u00fck a megjegyz\u00e9s \u0171rlapon megjelen\u0151 adatokat, valamint a l\u00e1togat\u00f3 IP-c\u00edm\u00e9t \u00e9s a b\u00f6ng\u00e9sz\u0151 felhaszn\u00e1l\u00f3i \u00fcgyn\u00f6k karakterl\u00e1nc\u00e1t, hogy seg\u00edts\u00fck a spam \u00e9szlel\u00e9s\u00e9t. Az e-mail c\u00edmedb\u0151l l\u00e9trehozott n\u00e9vtelen karakterl\u00e1nc (szint\u00e9n [\u2026]<\/p>","protected":false},"author":1,"featured_media":0,"parent":0,"menu_order":0,"comment_status":"closed","ping_status":"open","template":"","meta":{"footnotes":""},"categories":[],"tags":[],"_links":{"self":[{"href":"https:\/\/kwoco-plc.com\/hu\/wp-json\/wp\/v2\/pages\/3"}],"collection":[{"href":"https:\/\/kwoco-plc.com\/hu\/wp-json\/wp\/v2\/pages"}],"about":[{"href":"https:\/\/kwoco-plc.com\/hu\/wp-json\/wp\/v2\/types\/page"}],"author":[{"embeddable":true,"href":"https:\/\/kwoco-plc.com\/hu\/wp-json\/wp\/v2\/users\/1"}],"replies":[{"embeddable":true,"href":"https:\/\/kwoco-plc.com\/hu\/wp-json\/wp\/v2\/comments?post=3"}],"version-history":[{"count":7,"href":"https:\/\/kwoco-plc.com\/hu\/wp-json\/wp\/v2\/pages\/3\/revisions"}],"predecessor-version":[{"id":10536,"href":"https:\/\/kwoco-plc.com\/hu\/wp-json\/wp\/v2\/pages\/3\/revisions\/10536"}],"wp:attachment":[{"href":"https:\/\/kwoco-plc.com\/hu\/wp-json\/wp\/v2\/media?parent=3"}],"wp:term":[{"taxonomy":"category","embeddable":true,"href":"https:\/\/kwoco-plc.com\/hu\/wp-json\/wp\/v2\/categories?post=3"},{"taxonomy":"post_tag","embeddable":true,"href":"https:\/\/kwoco-plc.com\/hu\/wp-json\/wp\/v2\/tags?post=3"}],"curies":[{"name":"munkaf\u00fczet","href":"https:\/\/api.w.org\/{rel}","templated":true}]}}