{"id":39808,"date":"2025-08-12T01:16:56","date_gmt":"2025-08-12T09:16:56","guid":{"rendered":"https:\/\/kwoco-plc.com\/?page_id=39808"},"modified":"2025-08-13T02:08:08","modified_gmt":"2025-08-13T10:08:08","slug":"kwoco-bank-account-update","status":"publish","type":"page","link":"https:\/\/kwoco-plc.com\/es\/kwoco-bank-account-update\/","title":{"rendered":"Actualizaci\u00f3n de la cuenta bancaria de Kwoco"},"content":{"rendered":"<div data-elementor-type=\"wp-page\" data-elementor-id=\"39808\" class=\"elementor elementor-39808\" data-elementor-post-type=\"page\">\n\t\t\t\t<div class=\"elementor-element elementor-element-b552191 e-flex e-con-boxed e-con e-parent\" data-id=\"b552191\" data-element_type=\"container\">\n\t\t\t\t\t<div class=\"e-con-inner\">\n\t\t\t\t<div class=\"elementor-element elementor-element-9a0d364 elementor-widget elementor-widget-heading\" data-id=\"9a0d364\" data-element_type=\"widget\" data-widget_type=\"heading.default\">\n\t\t\t\t<div class=\"elementor-widget-container\">\n\t\t\t<style>\/*! elementor - v3.21.0 - 22-05-2024 *\/\n.elementor-heading-title{padding:0;margin:0;line-height:1}.elementor-widget-heading .elementor-heading-title[class*=elementor-size-]>a{color:inherit;font-size:inherit;line-height:inherit}.elementor-widget-heading .elementor-heading-title.elementor-size-small{font-size:15px}.elementor-widget-heading .elementor-heading-title.elementor-size-medium{font-size:19px}.elementor-widget-heading .elementor-heading-title.elementor-size-large{font-size:29px}.elementor-widget-heading .elementor-heading-title.elementor-size-xl{font-size:39px}.elementor-widget-heading .elementor-heading-title.elementor-size-xxl{font-size:59px}<\/style><h1 class=\"elementor-heading-title elementor-size-default\">Aviso de cambio de cuenta bancaria de Kwoco<\/h1>\t\t<\/div>\n\t\t\t\t<\/div>\n\t\t\t\t<div class=\"elementor-element elementor-element-967faa7 elementor-widget elementor-widget-text-editor\" data-id=\"967faa7\" data-element_type=\"widget\" data-widget_type=\"text-editor.default\">\n\t\t\t\t<div class=\"elementor-widget-container\">\n\t\t\t<style>\/*! elementor - v3.21.0 - 22-05-2024 *\/\n.elementor-widget-text-editor.elementor-drop-cap-view-stacked .elementor-drop-cap{background-color:#69727d;color:#fff}.elementor-widget-text-editor.elementor-drop-cap-view-framed .elementor-drop-cap{color:#69727d;border:3px solid;background-color:transparent}.elementor-widget-text-editor:not(.elementor-drop-cap-view-default) .elementor-drop-cap{margin-top:8px}.elementor-widget-text-editor:not(.elementor-drop-cap-view-default) .elementor-drop-cap-letter{width:1em;height:1em}.elementor-widget-text-editor .elementor-drop-cap{float:left;text-align:center;line-height:1;font-size:50px}.elementor-widget-text-editor .elementor-drop-cap-letter{display:inline-block}<\/style>\t\t\t\t<p><strong>Estimados clientes y socios valiosos<\/strong>,<\/p><p>Le escribimos para anunciarle formalmente una actualizaci\u00f3n importante respecto a la cuenta bancaria de nuestra empresa para recibir pagos.<\/p><p>Para mejorar nuestro procesamiento de transacciones internacionales y mejorar la seguridad financiera, hemos realizado la transici\u00f3n a nuevos socios bancarios.<\/p><p>Con efecto inmediato, [<strong>20 de julio de 2025<\/strong>], le solicitamos que dirija todos los pagos futuros a las nuevas cuentas correspondientes seg\u00fan se detalla a continuaci\u00f3n.<\/p><p>\u00a0<\/p><p><span style=\"color: #ff0000;\"><strong>Para pagos en USD (ACH):<\/strong><\/span><\/p><p><strong>Nombre del banco:<\/strong> Banco Federal de Ahorros Comunitario<\/p><p><strong>Direcci\u00f3n del banco:<\/strong> 89-16 Jamaica Ave, Woodhaven, Nueva York, Estados Unidos<\/p><p><strong>Enrutamiento ACH:<\/strong> 026073150<\/p><p><strong>Enrutamiento de Fedwire:<\/strong> 026073008<\/p><p><strong>C\u00f3digo SWIFT:<\/strong> CMFGUS33<\/p><p><strong>N\u00famero de cuenta:<\/strong> 8489114859<\/p><p><strong>Tipo de cuenta:<\/strong> DE CHEQUES<\/p><p><strong>Nombre del beneficiario:<\/strong> KWOCO AUTOMATION CO LIMITADA<\/p><p>\u00a0<\/p><p><strong><span style=\"color: #ff0000;\">Cuenta global multidivisa:<\/span><br \/><\/strong><\/p><p><strong>Beneficiario:<\/strong>\u00a0KWOCO AUTOMATION CO LIMITADA<\/p><p><strong>Nombre del banco<\/strong>: C\u00edrculo Bancario SA<\/p><p><strong>Direcci\u00f3n del banco:<\/strong> Amerika Plads, 38, Copenhague, Dinamarca<\/p><p><strong>IBAN:<\/strong> DK3189000058511439<\/p><p><strong>SWIFT\/BIC:<\/strong> SXPYDKKK<\/p><p><strong>N\u00famero de cuenta:<\/strong> 0058511439<\/p><p><strong>Pa\u00eds del banco:<\/strong> Dinamarca<\/p><p>\u00a0<\/p><p><span style=\"color: #ff0000;\"><strong>Se requiere acci\u00f3n crucial:<\/strong><\/span><\/p><p>Le solicitamos que actualice sus registros de pago de inmediato para reflejar este cambio. Los pagos enviados a nuestras cuentas anteriores podr\u00edan sufrir retrasos significativos o ser rechazados, ya que estas cuentas ser\u00e1n dadas de baja a partir del [<strong>30 de octubre de 2025<\/strong>].<\/p><p>Aviso de seguridad: Este anuncio en nuestro sitio web oficial es la \u00fanica notificaci\u00f3n formal de este cambio. Nuestra empresa no enviar\u00e1 correos electr\u00f3nicos no solicitados solicitando modificaciones de datos bancarios. Si recibe alguna solicitud de este tipo, ign\u00f3rela y cont\u00e1ctenos directamente a trav\u00e9s de nuestro n\u00famero de tel\u00e9fono oficial para verificar su autenticidad.<\/p><p>Reconocemos que esto requiere una actualizaci\u00f3n administrativa de su parte y agradecemos sinceramente su pronta cooperaci\u00f3n.<\/p><p>Si tiene alguna pregunta o necesita ayuda, no dude en ponerse en contacto con nuestro Departamento de Finanzas al [<strong>ventas@kwoco-plc.com<\/strong>] o llamando al [<strong>+86-755-81481609<\/strong>].<\/p><p>Gracias por su continua confianza y colaboraci\u00f3n.<\/p><p>Atentamente,<\/p><p>Automatizaci\u00f3n KWOCO<\/p>\t\t\t\t\t\t<\/div>\n\t\t\t\t<\/div>\n\t\t\t\t\t<\/div>\n\t\t\t\t<\/div>\n\t\t\t\t<\/div>","protected":false},"excerpt":{"rendered":"<p>Aviso de cambio de cuenta bancaria de Kwoco Estimados clientes y socios: Les escribimos para anunciarles formalmente una actualizaci\u00f3n importante sobre la cuenta bancaria de nuestra empresa para recibir pagos. Para optimizar el procesamiento de transacciones internacionales y mejorar la seguridad financiera, hemos adoptado nuevos socios bancarios. Con vigencia inmediata, [20 de julio de 2025], les solicitamos que indiquen a todos [\u2026]<\/p>","protected":false},"author":1,"featured_media":0,"parent":0,"menu_order":0,"comment_status":"closed","ping_status":"closed","template":"","meta":{"footnotes":""},"categories":[],"tags":[],"_links":{"self":[{"href":"https:\/\/kwoco-plc.com\/es\/wp-json\/wp\/v2\/pages\/39808"}],"collection":[{"href":"https:\/\/kwoco-plc.com\/es\/wp-json\/wp\/v2\/pages"}],"about":[{"href":"https:\/\/kwoco-plc.com\/es\/wp-json\/wp\/v2\/types\/page"}],"author":[{"embeddable":true,"href":"https:\/\/kwoco-plc.com\/es\/wp-json\/wp\/v2\/users\/1"}],"replies":[{"embeddable":true,"href":"https:\/\/kwoco-plc.com\/es\/wp-json\/wp\/v2\/comments?post=39808"}],"version-history":[{"count":17,"href":"https:\/\/kwoco-plc.com\/es\/wp-json\/wp\/v2\/pages\/39808\/revisions"}],"predecessor-version":[{"id":39826,"href":"https:\/\/kwoco-plc.com\/es\/wp-json\/wp\/v2\/pages\/39808\/revisions\/39826"}],"wp:attachment":[{"href":"https:\/\/kwoco-plc.com\/es\/wp-json\/wp\/v2\/media?parent=39808"}],"wp:term":[{"taxonomy":"category","embeddable":true,"href":"https:\/\/kwoco-plc.com\/es\/wp-json\/wp\/v2\/categories?post=39808"},{"taxonomy":"post_tag","embeddable":true,"href":"https:\/\/kwoco-plc.com\/es\/wp-json\/wp\/v2\/tags?post=39808"}],"curies":[{"name":"wp","href":"https:\/\/api.w.org\/{rel}","templated":true}]}}