{"id":39808,"date":"2025-08-12T01:16:56","date_gmt":"2025-08-12T09:16:56","guid":{"rendered":"https:\/\/kwoco-plc.com\/?page_id=39808"},"modified":"2025-08-13T02:08:08","modified_gmt":"2025-08-13T10:08:08","slug":"kwoco-bank-account-update","status":"publish","type":"page","link":"https:\/\/kwoco-plc.com\/de\/kwoco-bank-account-update\/","title":{"rendered":"Kwoco-Bankkonto-Update"},"content":{"rendered":"<div data-elementor-type=\"wp-page\" data-elementor-id=\"39808\" class=\"elementor elementor-39808\" data-elementor-post-type=\"page\">\n\t\t\t\t<div class=\"elementor-element elementor-element-b552191 e-flex e-con-boxed e-con e-parent\" data-id=\"b552191\" data-element_type=\"container\">\n\t\t\t\t\t<div class=\"e-con-inner\">\n\t\t\t\t<div class=\"elementor-element elementor-element-9a0d364 elementor-widget elementor-widget-heading\" data-id=\"9a0d364\" data-element_type=\"widget\" data-widget_type=\"heading.default\">\n\t\t\t\t<div class=\"elementor-widget-container\">\n\t\t\t<style>\/*! elementor - v3.21.0 - 22-05-2024 *\/\n.elementor-heading-title{padding:0;margin:0;line-height:1}.elementor-widget-heading .elementor-heading-title[class*=elementor-size-]>a{color:inherit;font-size:inherit;line-height:inherit}.elementor-widget-heading .elementor-heading-title.elementor-size-small{font-size:15px}.elementor-widget-heading .elementor-heading-title.elementor-size-medium{font-size:19px}.elementor-widget-heading .elementor-heading-title.elementor-size-large{font-size:29px}.elementor-widget-heading .elementor-heading-title.elementor-size-xl{font-size:39px}.elementor-widget-heading .elementor-heading-title.elementor-size-xxl{font-size:59px}<\/style><h1 class=\"elementor-heading-title elementor-size-default\">Mitteilung zur \u00c4nderung des Kwoco-Bankkontos<\/h1>\t\t<\/div>\n\t\t\t\t<\/div>\n\t\t\t\t<div class=\"elementor-element elementor-element-967faa7 elementor-widget elementor-widget-text-editor\" data-id=\"967faa7\" data-element_type=\"widget\" data-widget_type=\"text-editor.default\">\n\t\t\t\t<div class=\"elementor-widget-container\">\n\t\t\t<style>\/*! elementor - v3.21.0 - 22-05-2024 *\/\n.elementor-widget-text-editor.elementor-drop-cap-view-stacked .elementor-drop-cap{background-color:#69727d;color:#fff}.elementor-widget-text-editor.elementor-drop-cap-view-framed .elementor-drop-cap{color:#69727d;border:3px solid;background-color:transparent}.elementor-widget-text-editor:not(.elementor-drop-cap-view-default) .elementor-drop-cap{margin-top:8px}.elementor-widget-text-editor:not(.elementor-drop-cap-view-default) .elementor-drop-cap-letter{width:1em;height:1em}.elementor-widget-text-editor .elementor-drop-cap{float:left;text-align:center;line-height:1;font-size:50px}.elementor-widget-text-editor .elementor-drop-cap-letter{display:inline-block}<\/style>\t\t\t\t<p><strong>Sehr geehrte Kunden und Partner<\/strong>,<\/p><p>Wir schreiben Ihnen, um Ihnen offiziell ein wichtiges Update bez\u00fcglich des Bankkontos unseres Unternehmens f\u00fcr den Zahlungseingang bekannt zu geben.<\/p><p>Um unsere internationale Transaktionsabwicklung zu verbessern und unsere finanzielle Sicherheit zu erh\u00f6hen, sind wir zu neuen Bankpartnern gewechselt.<\/p><p>Mit sofortiger Wirkung [<strong>20. Juli 2025<\/strong>], bitten wir Sie, alle zuk\u00fcnftigen Zahlungen auf die entsprechenden neuen Konten wie unten aufgef\u00fchrt zu \u00fcberweisen.<\/p><p>\u00a0<\/p><p><span style=\"color: #ff0000;\"><strong>F\u00fcr Zahlungen in USD (ACH):<\/strong><\/span><\/p><p><strong>Name der Bank:<\/strong> Gemeinschafts-Bundessparkasse<\/p><p><strong>Bankadresse:<\/strong> 89-16 Jamaica Ave, Woodhaven, NY, USA<\/p><p><strong>ACH-Routing:<\/strong> 026073150<\/p><p><strong>Fedwire-Routing:<\/strong> 026073008<\/p><p><strong>SWIFT-Code:<\/strong> CMFGUS33<\/p><p><strong>Kontonummer:<\/strong> 8489114859<\/p><p><strong>Kontotyp:<\/strong> \u00dcBERPR\u00dcFUNG<\/p><p><strong>Name des Beg\u00fcnstigten:<\/strong> KWOCO AUTOMATION CO LIMITED<\/p><p>\u00a0<\/p><p><strong><span style=\"color: #ff0000;\">Globales Mehrw\u00e4hrungskonto:<\/span><br \/><\/strong><\/p><p><strong>Beg\u00fcnstigter:<\/strong>\u00a0KWOCO AUTOMATION CO LIMITED<\/p><p><strong>Name der Bank<\/strong>: Banking Circle SA<\/p><p><strong>Bankadresse:<\/strong> Amerika Plads, 38, Kopenhagen, D\u00e4nemark<\/p><p><strong>IBAN:<\/strong> DK3189000058511439<\/p><p><strong>SWIFT\/BIC:<\/strong> SXPYDKKK<\/p><p><strong>Kontonummer:<\/strong> 0058511439<\/p><p><strong>Bankland:<\/strong> D\u00e4nemark<\/p><p>\u00a0<\/p><p><span style=\"color: #ff0000;\"><strong>Entscheidende Ma\u00dfnahmen erforderlich:<\/strong><\/span><\/p><p>Wir bitten Sie, Ihre Zahlungsaufzeichnungen umgehend zu aktualisieren, um diese \u00c4nderung zu ber\u00fccksichtigen. Zahlungen auf unsere bisherigen Konten k\u00f6nnen erheblichen Verz\u00f6gerungen oder Ablehnungen unterliegen, da diese Konten mit Wirkung zum [<strong>30. Oktober 2025<\/strong>].<\/p><p>Sicherheitshinweis: Diese Ank\u00fcndigung auf unserer offiziellen Website dient als einzige formelle Benachrichtigung \u00fcber diese \u00c4nderung. Unser Unternehmen versendet keine separaten, unaufgeforderten E-Mails mit der Aufforderung zur \u00c4nderung Ihrer Bankdaten. Sollten Sie eine solche Anfrage erhalten, ignorieren Sie diese bitte und kontaktieren Sie uns direkt \u00fcber unsere offizielle Telefonnummer, um die Echtheit zu \u00fcberpr\u00fcfen.<\/p><p>Wir sind uns bewusst, dass hierf\u00fcr eine administrative Aktualisierung Ihrerseits erforderlich ist, und sind Ihnen f\u00fcr Ihre schnelle Zusammenarbeit aufrichtig dankbar.<\/p><p>Wenn Sie Fragen haben oder Hilfe ben\u00f6tigen, wenden Sie sich bitte an unsere Finanzabteilung unter [<strong>sales@kwoco-plc.com<\/strong>] oder durch Anrufen von [<strong>+86-755-81481609<\/strong>].<\/p><p>Vielen Dank f\u00fcr Ihr anhaltendes Vertrauen und Ihre Partnerschaft.<\/p><p>Aufrichtig,<\/p><p>KWOCO Automatisierung<\/p>\t\t\t\t\t\t<\/div>\n\t\t\t\t<\/div>\n\t\t\t\t\t<\/div>\n\t\t\t\t<\/div>\n\t\t\t\t<\/div>","protected":false},"excerpt":{"rendered":"<p>Kwoco-Bankkonto\u00e4nderungshinweis Sehr geehrte Kunden und Partner, mit diesem Schreiben m\u00f6chten wir Sie offiziell \u00fcber eine wichtige \u00c4nderung bez\u00fcglich unseres Firmenbankkontos f\u00fcr den Zahlungseingang informieren. Um unsere internationale Transaktionsabwicklung zu verbessern und unsere finanzielle Sicherheit zu erh\u00f6hen, sind wir zu neuen Bankpartnern gewechselt. Mit sofortiger Wirkung (20. Juli 2025) bitten wir Sie, alle [\u2026]<\/p>","protected":false},"author":1,"featured_media":0,"parent":0,"menu_order":0,"comment_status":"closed","ping_status":"closed","template":"","meta":{"footnotes":""},"categories":[],"tags":[],"_links":{"self":[{"href":"https:\/\/kwoco-plc.com\/de\/wp-json\/wp\/v2\/pages\/39808"}],"collection":[{"href":"https:\/\/kwoco-plc.com\/de\/wp-json\/wp\/v2\/pages"}],"about":[{"href":"https:\/\/kwoco-plc.com\/de\/wp-json\/wp\/v2\/types\/page"}],"author":[{"embeddable":true,"href":"https:\/\/kwoco-plc.com\/de\/wp-json\/wp\/v2\/users\/1"}],"replies":[{"embeddable":true,"href":"https:\/\/kwoco-plc.com\/de\/wp-json\/wp\/v2\/comments?post=39808"}],"version-history":[{"count":17,"href":"https:\/\/kwoco-plc.com\/de\/wp-json\/wp\/v2\/pages\/39808\/revisions"}],"predecessor-version":[{"id":39826,"href":"https:\/\/kwoco-plc.com\/de\/wp-json\/wp\/v2\/pages\/39808\/revisions\/39826"}],"wp:attachment":[{"href":"https:\/\/kwoco-plc.com\/de\/wp-json\/wp\/v2\/media?parent=39808"}],"wp:term":[{"taxonomy":"category","embeddable":true,"href":"https:\/\/kwoco-plc.com\/de\/wp-json\/wp\/v2\/categories?post=39808"},{"taxonomy":"post_tag","embeddable":true,"href":"https:\/\/kwoco-plc.com\/de\/wp-json\/wp\/v2\/tags?post=39808"}],"curies":[{"name":"wp","href":"https:\/\/api.w.org\/{rel}","templated":true}]}}